{"id":7974,"date":"2024-08-09T09:13:32","date_gmt":"2024-08-09T09:13:32","guid":{"rendered":"https:\/\/www.sefox.net\/?page_id=7974"},"modified":"2024-08-09T09:16:58","modified_gmt":"2024-08-09T09:16:58","slug":"cerez-politikasi","status":"publish","type":"page","link":"https:\/\/www.sefox.net\/en\/cerez-politikasi\/","title":{"rendered":"Cookies Policy"},"content":{"rendered":"<p>[vc_row][vc_column][vc_column_text]<strong>\u00c7EREZ POL\u0130T\u0130KASI<\/strong><\/p>\n<p>Web sitelerimizi, mobil sitelerimizi veya mobil uygular\u0131m\u0131z\u0131 ziyaret etti\u011finizde \u201c\u00e7erezler\u201d arac\u0131l\u0131\u011f\u0131yla bir\u00e7ok farkl\u0131 ama\u00e7 do\u011frultusunda ki\u015fisel verilerinizi toplamaktay\u0131z. Bu konuda size kar\u015f\u0131 olabildi\u011fince a\u00e7\u0131k ve \u015feffafl\u0131\u011f\u0131n sa\u011flanmas\u0131n\u0131 ama\u00e7lamaktay\u0131z.<\/p>\n<p>Bu politika size \u00e7erezlerin ne oldu\u011funu ve bunlar\u0131 nas\u0131l kulland\u0131\u011f\u0131m\u0131z\u0131 a\u00e7\u0131klama amac\u0131yla olu\u015fturulmu\u015ftur. Ayr\u0131ca, kulland\u0131\u011f\u0131m\u0131z farkl\u0131 \u00e7erez t\u00fcrleri ve bunlar\u0131 nas\u0131l de\u011fi\u015ftirebilece\u011finizi veya silebilece\u011finizi a\u00e7\u0131klamaktay\u0131z.<\/p>\n<p>Bu politikan\u0131n, \u00e7erez kullan\u0131m\u0131yla ilgili size anla\u015f\u0131labilir bilgiler sunmas\u0131n\u0131 ayr\u0131ca g\u00fcvende hissetmenize yard\u0131mc\u0131 olmas\u0131n\u0131 umuyoruz. Bu konu hakk\u0131nda daha fazla sorular\u0131n\u0131z\u0131n olmas\u0131 durumunda l\u00fctfen bizimle ileti\u015fim kurmaktan \u00e7ekinmeyin.<\/p>\n<p>Bu \u00c7erez Politikas\u0131 revize edilme ama\u00e7lar\u0131yla her zaman de\u011fi\u015ftirilebilir. Bu \u00c7erez Politikas\u0131&#8217;ndaki herhangi bir de\u011fi\u015fiklik, \u00c7erez Politikas\u0131&#8217;n\u0131 Sitemizde veya Site \u00fczerinden kullan\u0131labilir hale getirdi\u011fimizde ge\u00e7erli olur.<\/p>\n<p>\u00c7erezler arac\u0131l\u0131\u011f\u0131yla toplan\u0131lan ki\u015fisel verileriniz hakk\u0131nda daha detayl\u0131 bilgi i\u00e7in l\u00fctfen Ki\u015fisel Verilerin Korunmas\u0131 ve Gizlilik Politikam\u0131z\u0131 inceleyin.<\/p>\n<p><strong>\u00c7erez Nedir?<\/strong><\/p>\n<p>Bir taray\u0131c\u0131 \u00e7erezi, cihaz\u0131n\u0131zda depolanan ve internet siteleri ve mobil uygulamalara sizin hakk\u0131n\u0131zda bilgileri hat\u0131rlamas\u0131na yard\u0131mc\u0131 olan bir veri par\u00e7as\u0131d\u0131r. \u0130nternet depolamas\u0131 ve belirleyicisi gibi di\u011fer cihaz\u0131n\u0131zla ba\u011flant\u0131l\u0131 teknolojiler de benzer ama\u00e7larla kullan\u0131labilir. Bu politikada, di\u011fer b\u00fct\u00fcn teknolojileri tart\u0131\u015fmak i\u00e7in <strong>\u201c\u00c7erezler\u201d<\/strong> diyece\u011fiz.<\/p>\n<p><strong>\u00c7erezleri Hangi Ama\u00e7larla Kullan\u0131yoruz?<\/strong><\/p>\n<p>\u00c7erezleri, verileriniz ve hesab\u0131n\u0131z\u0131 korumak en pop\u00fcler \u00f6zellikleri saptamak, bir sayfaya olan giri\u015fi saymak, kullan\u0131c\u0131 tecr\u00fcbesini geli\u015ftirmek, servislerimizi g\u00fcvenli tutmak, web sitemizin daha kullan\u0131c\u0131 dostu hale getirmek ve web sitemizi sizin ilgi ve ihtiya\u00e7lar\u0131n\u0131za g\u00f6re ayarlanmas\u0131 ve kullan\u0131c\u0131lar\u0131m\u0131za \u00e7evrimi\u00e7i davran\u0131\u015fsal reklam faaliyetlerinde bulunmak amac\u0131yla kullan\u0131yoruz. \u00c7erezler yukar\u0131da bahsedilen i\u015flevleri yerine getirmek i\u00e7in sizinle ilgili bilgileri hat\u0131rlamakta ve bu \u015fekilde bu hizmetleri size sa\u011flamam\u0131za yard\u0131mc\u0131 olmaktad\u0131r.<\/p>\n<p><strong>\u00c7erez T\u00fcrleri<\/strong><\/p>\n<p>A\u015fa\u011f\u0131da sizler i\u00e7in web sitemizde, mobil sitemizde ve mobil uygulamalar\u0131m\u0131zda kulland\u0131\u011f\u0131m\u0131z \u00e7erez t\u00fcrlerini listelemi\u015f bulunmaktay\u0131z. Bu \u00e7erezler arac\u0131l\u0131\u011f\u0131yla ki\u015fisel verilerinizin i\u015flendi\u011fini ve bu konuda daha detayl\u0131 bilgi i\u00e7in l\u00fctfen Ki\u015fisel Verilerin Korunmas\u0131 ve Gizlilik Politikam\u0131z\u0131 inceleyin.<\/p>\n<p><strong>Temel\/Gerekli \u00c7erezler:<\/strong> Temel \u00e7erezler, web sitemizin, mobil sitemizin ve mobil uygulamalar\u0131m\u0131za eri\u015fimin sa\u011flanmas\u0131 ve bunlar\u0131n istenilen \u015fekilde \u00e7al\u0131\u015fmas\u0131 i\u00e7in gerekmektedir. Ayr\u0131ca bunlara ba\u011fl\u0131 servislerden ve hizmetlerden yararlanman\u0131z\u0131 sa\u011flamaktad\u0131r. Temel \u00e7erezlerin olmamas\u0131 durumunda, web sitemizin, mobil sitemizin ve mobil uygulamalar\u0131m\u0131z\u0131n sorunsuz bir \u015fekilde sizler i\u00e7in \u00e7al\u0131\u015fmas\u0131 m\u00fcmk\u00fcn olmay\u0131p, talep etti\u011finiz baz\u0131 hizmetler sekteye u\u011frayabilecektir.<\/p>\n<table width=\"98%\">\n<tbody>\n<tr>\n<td width=\"139\"><strong>\u00c7erez Tipi<\/strong><\/td>\n<td width=\"477\"><strong>Neden Bu \u00c7erezi Kullan\u0131yoruz?<\/strong><\/td>\n<\/tr>\n<tr>\n<td width=\"139\">Oturum<\/td>\n<td width=\"477\">Oturum \u00e7erezleri ba\u015fvurunun durumunu korumak i\u00e7in kullan\u0131lmaktad\u0131r.<\/td>\n<\/tr>\n<tr>\n<td width=\"139\">Y\u00fck Dengeleme<\/td>\n<td width=\"477\">Y\u00fck dengeleme \u00e7erezleri, varl\u0131klar\u0131 d\u00fcnya geneline da\u011f\u0131tmak ve sunucu y\u00fck\u00fcn\u00fc hafifletmek i\u00e7in kullan\u0131lmaktad\u0131r.<\/td>\n<\/tr>\n<tr>\n<td width=\"139\">Kullan\u0131c\u0131 Kimli\u011fi<\/td>\n<td width=\"477\">Kullan\u0131c\u0131 Kimli\u011fi \u00e7erezleri kullan\u0131c\u0131lar\u0131n sadece kendi bilgilerini g\u00f6rd\u00fcklerinden emin olmak i\u00e7in kullan\u0131lmaktad\u0131r.<\/td>\n<\/tr>\n<tr>\n<td width=\"139\">G\u00fcvenlik<\/td>\n<td width=\"477\">G\u00fcvenlik \u00e7erezleri g\u00fcvenlik kontrolleri ve \u00e7ekler i\u00e7in kullan\u0131lmaktad\u0131r.<\/td>\n<\/tr>\n<\/tbody>\n<\/table>\n<p><strong>\u00a0<\/strong><\/p>\n<p><strong>Tercih \u00c7erezleri: <\/strong>Tercih \u00e7erezleri, \u00e7evrimi\u00e7i ortamda hal ve davran\u0131\u015flar\u0131n\u0131z ve tercihleriniz hakk\u0131nda ki\u015fisel verilerinizi toplamakta ve dil se\u00e7ene\u011finizi, di\u011fer yerel ayarlar\u0131n\u0131z\u0131 hat\u0131rlamakta bu \u015fekilde site kullan\u0131m\u0131n\u0131z\u0131 sizlere \u00f6zelle\u015ftirmemize yard\u0131mc\u0131 olmaktad\u0131r.<\/p>\n<table width=\"99%\">\n<tbody>\n<tr>\n<td width=\"100\"><strong>\u00c7erez Tipi<\/strong><\/td>\n<td width=\"523\"><strong>Neden Bu \u00c7erezi Kullan\u0131yoruz?<\/strong><\/td>\n<\/tr>\n<tr>\n<td width=\"100\">Dil<\/td>\n<td width=\"523\">Dil \u00e7erezleri kullan\u0131c\u0131n\u0131n se\u00e7ti\u011fi dili depolamak ve do\u011fru se\u00e7enekleri g\u00f6stermek i\u00e7in kullan\u0131lmaktad\u0131r.<\/td>\n<\/tr>\n<tr>\n<td width=\"100\">Konum<\/td>\n<td width=\"523\">IP adresi ile belirlenen kullan\u0131c\u0131n\u0131n yakla\u015f\u0131k adresi (\u015fehir, eyalet, \u00fclke, posta kodu) otomatik olarak uygun \u00fclkeyi se\u00e7mek ve o b\u00f6lge i\u00e7erisindeki perakende ve tan\u0131t\u0131m g\u00fcnlerini g\u00f6stermek i\u00e7in muhafaza edilmektedir.<\/td>\n<\/tr>\n<tr>\n<td width=\"100\">Mobil<\/td>\n<td width=\"523\">E\u011fer kullan\u0131c\u0131 siteyi mobil bir cihaz \u00fczerinden g\u00f6r\u00fcnt\u00fcl\u00fcyorsa, ana web sitesinin veya non-Flash mobil bir web sitesinin (ba\u015fka bir deyi\u015fle cihaz\u0131n Flash i\u00e7in uygun oldu\u011funun) se\u00e7ildi\u011fini g\u00f6stermek i\u00e7in bir \u00e7erez g\u00f6nderilmektedir.<\/td>\n<\/tr>\n<tr>\n<td width=\"100\">Referans Sitesi<\/td>\n<td width=\"523\">Referans sitesi kullan\u0131c\u0131n\u0131n tercihini daha iyi anlayabilmek i\u00e7in kaydedilmektedir.<\/td>\n<\/tr>\n<tr>\n<td width=\"100\">Son ziyaret ve aktivite<\/td>\n<td width=\"523\">Son ziyaret edilme tarihi, aktivite ve di\u011fer bilgiler kullan\u0131c\u0131lara \u2018\u2018son ziyaret tarihinizden sonra nelerin de\u011fi\u015fti\u2019\u2019 konusunda bir g\u00fcncelleme sa\u011flamak ve kullan\u0131c\u0131n\u0131n tercihlerini daha iyi anlamak i\u00e7in kaydedilmektedir.<\/td>\n<\/tr>\n<tr>\n<td width=\"100\">En son izlenen video<\/td>\n<td width=\"523\">En son izlenen videonun tarihi ve ba\u015fl\u0131\u011f\u0131 kullan\u0131c\u0131n\u0131n tercihlerinin daha iyi anlayabilmek i\u00e7in kaydedilmektedir.<\/td>\n<\/tr>\n<tr>\n<td width=\"100\">Ani \u00e7erezler<\/td>\n<td width=\"523\">Ani \u00e7erezler ses ve video i\u00e7eri\u011finin oynat\u0131lmas\u0131n\u0131 sa\u011flamak i\u00e7in kullan\u0131lmaktad\u0131r.<\/td>\n<\/tr>\n<tr>\n<td width=\"100\">Sayfa Ge\u00e7mi\u015fi<\/td>\n<td width=\"523\">Sayfa ge\u00e7mi\u015fi \u00e7erezleri kullan\u0131c\u0131n\u0131n ziyaret etti\u011fi sitelerin s\u0131ras\u0131n\u0131 takip edebilmek i\u00e7in kullan\u0131lmaktad\u0131r. E\u011fer kullan\u0131c\u0131 siteyi ziyaret etti\u011fi s\u0131rada bir uyar\u0131 al\u0131rsa, \u00e7erez bilgisi g\u00fcnl\u00fck k\u00fct\u00fc\u011f\u00fcne hata bildirimi ve \u00e7\u00f6z\u00fcm\u00fc i\u00e7in kaydedilir.<\/td>\n<\/tr>\n<\/tbody>\n<\/table>\n<p><strong>\u00a0<\/strong><\/p>\n<p><strong>Sosyal Eklenti \u0130zleme \u00c7erezleri. <\/strong>Bu \u00e7erezler, sosyal medya kullan\u0131c\u0131lar\u0131n\u0131 izleyerek pazar ara\u015ft\u0131rma analizleri ve \u00fcr\u00fcn geli\u015ftirme konusunda kullan\u0131lmaktad\u0131rlar.<\/p>\n<table>\n<tbody>\n<tr>\n<td width=\"96\"><strong>\u00c7erez Tipi<\/strong><\/td>\n<td width=\"528\"><strong>Neden Bu \u00c7erezi Kullan\u0131yoruz?<\/strong><\/td>\n<\/tr>\n<tr>\n<td width=\"96\">Facebook<\/td>\n<td width=\"528\">\u00c7erezler, pazar ara\u015ft\u0131rma analizi ve \u00fcr\u00fcn geli\u015ftirme i\u00e7in Facebook \u00fcyelerini izlemek i\u00e7in kullan\u0131l\u0131r.<\/td>\n<\/tr>\n<tr>\n<td width=\"96\">Twitter<\/td>\n<td width=\"528\">\u00c7erezler, pazar ara\u015ft\u0131rma analizi ve \u00fcr\u00fcn geli\u015ftirme i\u00e7in Twitter \u00fcyelerini izlemek i\u00e7in kullan\u0131l\u0131r.<\/td>\n<\/tr>\n<\/tbody>\n<\/table>\n<p><strong>\u00a0<\/strong><\/p>\n<p><strong>Analiz \u00c7erezleri: <\/strong>Siteyi kullan\u0131m\u0131n\u0131z hakk\u0131nda bilgi toplayarak sitenin \u00e7al\u0131\u015fma mekanizmas\u0131n\u0131 geli\u015ftirmemize yard\u0131mc\u0131 olur. \u00d6rne\u011fin, analiz \u00e7erezleri sitede en \u00e7ok ziyaret edilen sayfalar\u0131, sitede kar\u015f\u0131la\u015ft\u0131\u011f\u0131n\u0131z zorluklar\u0131 ve reklamlar\u0131n verimli olup olmad\u0131\u011f\u0131n\u0131 g\u00f6sterir. Bu, tek bir ki\u015finin kullan\u0131m\u0131n\u0131 g\u00f6stermektense genel olarak kullan\u0131m \u015fekillerini \u00f6n\u00fcm\u00fcze sermektedir.<\/p>\n<table>\n<tbody>\n<tr>\n<td width=\"96\"><strong>\u00c7erez Tipi<\/strong><\/td>\n<td width=\"528\"><strong>Neden Bu \u00c7erezi Kullan\u0131yoruz?<\/strong><\/td>\n<\/tr>\n<tr>\n<td width=\"96\">Google Analiz<\/td>\n<td width=\"528\">Google analiz \u00e7erezleri k\u00fcmelenmi\u015f istatistiki verileri toplayarak sitenin sunum ve y\u00f6nlendirilmesine katk\u0131da bulunur. Google k\u00fcmelenmi\u015f verileri demografik ve ilgi bilgileriyle destekler ve ziyaret\u00e7ilerimizi daha iyi anlamam\u0131z\u0131 sa\u011flar.<\/td>\n<\/tr>\n<tr>\n<td width=\"96\">Adobe Omniture<\/td>\n<td width=\"528\">Adobe Omniture analiz \u00e7erezleri k\u00fcmelenmi\u015f istatistiki verileri sitenin sunumu ve y\u00f6nlendirilmesi i\u00e7in toplar.<\/td>\n<\/tr>\n<\/tbody>\n<\/table>\n<p><strong>\u00a0<\/strong><\/p>\n<p><strong>Pazarlama \u00c7erezleri: <\/strong>Bu \u00e7erez t\u00fcr\u00fc pazarlama faaliyetleri kapsam\u0131nda kullan\u0131lmaktad\u0131r.<\/p>\n<table>\n<tbody>\n<tr>\n<td width=\"96\"><strong>\u00c7erez Tipi<\/strong><\/td>\n<td width=\"528\"><strong>Neden Bu \u00c7erezi Kullan\u0131yoruz?<\/strong><\/td>\n<\/tr>\n<tr>\n<td width=\"96\">Reklamc\u0131l\u0131k<\/td>\n<td width=\"528\">Davran\u0131\u015fsal ve hedefli reklamc\u0131l\u0131\u011f\u0131 sa\u011flar.<\/td>\n<\/tr>\n<tr>\n<td width=\"96\">Pazar Analizi<\/td>\n<td width=\"528\">Pazar analizi y\u00fcr\u00fct\u00fcr.<\/td>\n<\/tr>\n<tr>\n<td width=\"96\">Kampanya<\/td>\n<td width=\"528\">Kampanyalar\u0131n etkisini \u00f6l\u00e7er.<\/td>\n<\/tr>\n<tr>\n<td width=\"96\">Doland\u0131r\u0131c\u0131l\u0131k Tespiti<\/td>\n<td width=\"528\">T\u0131klama doland\u0131r\u0131c\u0131l\u0131\u011f\u0131n\u0131 tespit eder<\/td>\n<\/tr>\n<\/tbody>\n<\/table>\n<p><strong>\u00a0<\/strong><\/p>\n<p><strong>\u00c7erezleri Y\u00f6netme<\/strong><\/p>\n<p>Bir\u00e7ok internet taray\u0131c\u0131s\u0131, varsay\u0131lan olarak \u00e7erezleri otomatik olarak kabul etmeye ayarl\u0131d\u0131r. Bizim web sitemizde, mobil sitelerimizde veya mobil uygular\u0131m\u0131zdan yararland\u0131\u011f\u0131m\u0131z zaman da ayn\u0131 durum ge\u00e7erlidir. Mevcut \u00e7erezleri cihaz\u0131n\u0131zdan kald\u0131rmak istiyorsan\u0131z taray\u0131c\u0131 se\u00e7eneklerinizi kullanarak bunu yapabilirsiniz. Ayr\u0131ca \u00e7erezlerin cihaz\u0131n\u0131za yerle\u015ftirilmesini gelece\u011fe dair de istememeniz durumunda taray\u0131c\u0131 ayarlar\u0131n\u0131zdan \u00e7erezleri engelleyebilirsiniz.<\/p>\n<p>Kulland\u0131\u011f\u0131m\u0131z \u00e7erezleri kald\u0131rman\u0131z veya engellemeniz durumunda web sitemizde, mobil sitemizde veya mobil uygulamalar\u0131m\u0131zda kullan\u0131c\u0131 tecr\u00fcbenizde birtak\u0131m etkileri olabilece\u011fini ve sitenin daha fazla kullan\u0131lamayabilece\u011fini g\u00f6z \u00f6n\u00fcnde bulundurunuz. Taray\u0131c\u0131 ayarlar\u0131n\u0131z\u0131 \u00e7erezleri engelleme \u015feklinde de\u011fi\u015ftirmedi\u011finiz takdirde, \u00e7erezlerimizi daha \u00f6nce silmi\u015f olsan\u0131z dahi sistemimiz sitemizi ziyaret etti\u011finizde veya taraf\u0131m\u0131zdan size g\u00f6nderilen bir e-mailde yer alan bir linke t\u0131klad\u0131\u011f\u0131n\u0131zda \u00e7erez yerle\u015ftirecektir.<\/p>\n<p><strong>Bizimle Ba\u011flant\u0131 Kurmak \u0130\u00e7in<\/strong><\/p>\n<p>\u201c\u00c7erez Politikam\u0131z\u201d hakk\u0131nda ba\u015fka sorular\u0131n\u0131z\u0131n olmas\u0131 durumunda l\u00fctfen bizimle \u015fu OPERASYON@SEFOX.NET e-mail adresinden ileti\u015fime ge\u00e7iniz.<\/p>\n<p>Ayr\u0131ca, a\u015fa\u011f\u0131da yer alan adrese de ula\u015fman\u0131z durumunda sizlere \u201c\u00c7erez Politikam\u0131z\u201d \u00e7er\u00e7evesinde sorular\u0131n\u0131z hakk\u0131nda yard\u0131mc\u0131 olmaktan mutluluk duyar\u0131z.[\/vc_column_text][\/vc_column][\/vc_row]<\/p>","protected":false},"excerpt":{"rendered":"<p>[vc_row][vc_column][vc_column_text]\u00c7EREZ POL\u0130T\u0130KASI Web sitelerimizi, mobil sitelerimizi veya mobil uygular\u0131m\u0131z\u0131 ziyaret etti\u011finizde \u201c\u00e7erezler\u201d arac\u0131l\u0131\u011f\u0131yla bir\u00e7ok farkl\u0131 ama\u00e7 do\u011frultusunda ki\u015fisel verilerinizi toplamaktay\u0131z. Bu konuda size kar\u015f\u0131 olabildi\u011fince a\u00e7\u0131k ve \u015feffafl\u0131\u011f\u0131n sa\u011flanmas\u0131n\u0131 ama\u00e7lamaktay\u0131z. Bu politika size \u00e7erezlerin ne oldu\u011funu ve bunlar\u0131 nas\u0131l kulland\u0131\u011f\u0131m\u0131z\u0131 a\u00e7\u0131klama amac\u0131yla olu\u015fturulmu\u015ftur. Ayr\u0131ca, kulland\u0131\u011f\u0131m\u0131z farkl\u0131 \u00e7erez t\u00fcrleri ve bunlar\u0131 nas\u0131l de\u011fi\u015ftirebilece\u011finizi veya silebilece\u011finizi a\u00e7\u0131klamaktay\u0131z.<\/p>","protected":false},"author":2,"featured_media":0,"parent":0,"menu_order":0,"comment_status":"closed","ping_status":"closed","template":"","meta":{"footnotes":""},"class_list":["post-7974","page","type-page","status-publish","hentry"],"_links":{"self":[{"href":"https:\/\/www.sefox.net\/en\/wp-json\/wp\/v2\/pages\/7974"}],"collection":[{"href":"https:\/\/www.sefox.net\/en\/wp-json\/wp\/v2\/pages"}],"about":[{"href":"https:\/\/www.sefox.net\/en\/wp-json\/wp\/v2\/types\/page"}],"author":[{"embeddable":true,"href":"https:\/\/www.sefox.net\/en\/wp-json\/wp\/v2\/users\/2"}],"replies":[{"embeddable":true,"href":"https:\/\/www.sefox.net\/en\/wp-json\/wp\/v2\/comments?post=7974"}],"version-history":[{"count":2,"href":"https:\/\/www.sefox.net\/en\/wp-json\/wp\/v2\/pages\/7974\/revisions"}],"predecessor-version":[{"id":7976,"href":"https:\/\/www.sefox.net\/en\/wp-json\/wp\/v2\/pages\/7974\/revisions\/7976"}],"wp:attachment":[{"href":"https:\/\/www.sefox.net\/en\/wp-json\/wp\/v2\/media?parent=7974"}],"curies":[{"name":"wp","href":"https:\/\/api.w.org\/{rel}","templated":true}]}}