{"id":7967,"date":"2024-08-09T09:07:37","date_gmt":"2024-08-09T09:07:37","guid":{"rendered":"https:\/\/www.sefox.net\/?page_id=7967"},"modified":"2024-08-09T09:12:47","modified_gmt":"2024-08-09T09:12:47","slug":"kvkk-aydinlatma-metni","status":"publish","type":"page","link":"https:\/\/www.sefox.net\/en\/kvkk-aydinlatma-metni\/","title":{"rendered":"KVKK Ayd\u0131nlatma Metni"},"content":{"rendered":"<p>[vc_row][vc_column][vc_column_text]<span style=\"color: #000000;\"><strong>K\u0130\u015e\u0130SEL VER\u0130LER\u0130N \u0130\u015eLENMES\u0130NE \u0130L\u0130\u015eK\u0130N AYDINLATMA METN\u0130<\/strong><\/span><\/p>\n<p>&nbsp;<\/p>\n<p>SEFA K\u0130MYA PETROL \u00dcRN. SAN. DI\u015e. T\u0130C. A.\u015e. kullan\u0131c\u0131lar\u0131n\u0131n ki\u015fisel verilerine ve bundan do\u011fan haklar\u0131na b\u00fcy\u00fck \u00f6nem vermektedir. A\u015fa\u011f\u0131daki maddeler, <a href=\"https:\/\/www.sefox.net\/en\/\">https:\/\/www.sefox.net\/<\/a> web sitelerinde toplanan ki\u015fisel verilerin neler oldu\u011fu, s\u00f6z konusu veri bilgilerinin hangi ama\u00e7lar i\u00e7in topland\u0131\u011f\u0131, hangi \u015fekillerde kullan\u0131ld\u0131\u011f\u0131, bu bilgileri nas\u0131l de\u011fi\u015ftirebilece\u011finizi ve bizimle nas\u0131l ileti\u015fime ge\u00e7ebilece\u011finiz gibi konular\u0131 i\u00e7ermektedir.<\/p>\n<p>&nbsp;<\/p>\n<ol>\n<li><span style=\"color: #000000;\"><strong>Ki\u015fisel verilerin i\u015flenmesinin yasal dayana\u011f\u0131<\/strong><\/span><\/li>\n<\/ol>\n<p>&nbsp;<\/p>\n<p>6698 say\u0131l\u0131 Ki\u015fisel Verilerin Korunmas\u0131 Kanunu, 6563 Say\u0131l\u0131 Elektronik Ticaretin D\u00fczenlenmesi Hakk\u0131nda Kanun, 6502 say\u0131l\u0131 T\u00fcketicinin Korunmas\u0131 Hakk\u0131nda Kanun, Elektronik Ticarette Hizmet Sa\u011flay\u0131c\u0131 ve Arac\u0131 Hizmet Sa\u011flay\u0131c\u0131lar Hakk\u0131nda Y\u00f6netmelik ve Ticari \u0130leti\u015fim ve Ticari Elektronik \u0130letiler Hakk\u0131nda Y\u00f6netmelik, ki\u015fisel verilerin i\u015flenmesi ya da korunmas\u0131 ile ilgili h\u00fck\u00fcmler i\u00e7ermektedir. 5237 Say\u0131l\u0131 T\u00fcrk Ceza Kanunu ise, ki\u015fisel verilerin i\u015flenmesi ve gizlili\u011fi ile ilgili birtak\u0131m yapt\u0131r\u0131mlar \u00f6ng\u00f6rm\u00fc\u015ft\u00fcr.<\/p>\n<p>&nbsp;<\/p>\n<p>\u015eirket olarak, 6502 say\u0131l\u0131 T\u00fcketicinin Korunmas\u0131 Hakk\u0131nda Kanun ve Mesafeli S\u00f6zle\u015fmeler Y\u00f6netmeli\u011fi \u00e7er\u00e7evesinde siz kullan\u0131c\u0131lar\u0131m\u0131zla kuraca\u011f\u0131m\u0131z s\u00f6zle\u015fmelerden do\u011fan y\u00fck\u00fcml\u00fcl\u00fcklerimizi yerine getirebilmek, en iyi hizmeti verebilmek ve talepleriniz veya sorular\u0131n\u0131 cevaplamak amac\u0131yla siz kullan\u0131c\u0131lar\u0131m\u0131z\u0131n ki\u015fisel verilerinin i\u015flenmesine ihtiya\u00e7 duymaktay\u0131z.<\/p>\n<p>&nbsp;<\/p>\n<ol start=\"2\">\n<li><span style=\"color: #000000;\"><strong>\u0130\u015flenen Veriler<\/strong><\/span><\/li>\n<\/ol>\n<p>&nbsp;<\/p>\n<p>Bu ba\u015fl\u0131k alt\u0131nda, \u015eirket taraf\u0131ndan i\u015flenen ve 6698 say\u0131l\u0131 Ki\u015fisel Verilerin Korunmas\u0131 Kanunu uyar\u0131nca ki\u015fisel veri stat\u00fcs\u00fcndeki verilerin neler oldu\u011fu s\u0131ralanm\u0131\u015ft\u0131r. Aksi a\u00e7\u0131k\u00e7a belirtilmedik\u00e7e, \u015eirket Ki\u015fisel Verilerin \u0130\u015flenmesine \u0130li\u015fkin Ayd\u0131nlatma Metni\u2019nde arz edilen h\u00fck\u00fcm ve ko\u015fullar kapsam\u0131nda \u201cki\u015fisel veri\u201d ifadesi a\u015fa\u011f\u0131da yer alan bilgileri kapsayacakt\u0131r.<\/p>\n<p>&nbsp;<\/p>\n<p>\u015eirket, kullan\u0131c\u0131 taraf\u0131ndan \u00fcyelik giri\u015fi, ilgili hizmetin kullan\u0131lmas\u0131 ve hizmetlere ili\u015fkin \u00f6deme yap\u0131lmas\u0131 esnas\u0131nda dijital ortamda sa\u011flanan a\u015fa\u011f\u0131daki verileri toplamaktad\u0131r.<\/p>\n<ul>\n<li>Ad-soyad<\/li>\n<li>T.C. kimlik numaras\u0131<\/li>\n<li>Teslimat adresi<\/li>\n<li>Fatura adresi<\/li>\n<li>E-posta adresi<\/li>\n<li>Cep telefonu numaras\u0131<\/li>\n<li>Fatura \u00f6deme bilgileri<\/li>\n<li>Taleplerinizin yaz\u0131l\u0131 metin hali<\/li>\n<li>\u0130\u015flem G\u00fcvenli\u011fi Bilgisi<\/li>\n<li>Finansal Bilgi<\/li>\n<li>\u015eirket, kullan\u0131c\u0131n\u0131n \u00a0<a href=\"https:\/\/www.sefox.net\/en\/\">https:\/\/www.sefox.net\/<\/a> \u00a0kullan\u0131m\u0131 s\u0131ras\u0131nda bilgileri teknik bir ileti\u015fim dosyas\u0131 olan \u00e7erezleri kullanarak elde edebilmekte olup \u00a0<a href=\"https:\/\/www.sefox.net\/en\/\">https:\/\/www.sefox.net\/<\/a> \u00a0\u00fczerinden sunulmakta olan hizmetlere eri\u015fim ve kullan\u0131m al\u0131\u015fkanl\u0131klar\u0131n\u0131n tespit edilmesi i\u00e7in \u00e7erez yoluyla IP bilgileri ve log kayd\u0131 verileri toplanmaktad\u0131r.<\/li>\n<\/ul>\n<p>&nbsp;<\/p>\n<p>Ki\u015fisel Verilerin Korunmas\u0131 Kanunu\u2019nun 3. ve 7. maddeleri gere\u011fince, geri d\u00f6nd\u00fcr\u00fclemeyecek \u015fekilde anonim hale getirilen veriler, an\u0131lan kanun h\u00fck\u00fcmleri uyar\u0131nca ki\u015fisel veri olarak kabul edilmeyecek ve bu verilere ili\u015fkin i\u015fleme faaliyetleri bu ayd\u0131nlatma metni h\u00fck\u00fcmleri ile ba\u011fl\u0131 olmaks\u0131z\u0131n ger\u00e7ekle\u015ftirecektir.<\/p>\n<p>&nbsp;<\/p>\n<ol start=\"3\">\n<li><span style=\"color: #000000;\"><strong>Ki\u015fisel Verilere Eri\u015fim<\/strong><\/span><\/li>\n<\/ol>\n<p><strong>\u00a0<\/strong><\/p>\n<p>\u015eirket, kullan\u0131c\u0131ya ait ki\u015fisel verileri ve bu ki\u015fisel verileri kullan\u0131larak elde etti\u011fi yeni verileri, Kullan\u0131c\u0131ya <a href=\"https:\/\/www.sefox.net\/en\/kvkk-aydinlatma-metni\/\">https:\/\/www.sefox.net\/kvkk-aydinlatma-metni\/<\/a>\u00a0 Ki\u015fisel Verilerin \u0130\u015flenmesine \u0130li\u015fkin Ayd\u0131nlatma Metni ile belirtti\u011fi ama\u00e7lar\u0131n ger\u00e7ekle\u015ftirilebilmesi i\u00e7in i\u015f ortaklar\u0131na, hissedarlar\u0131na, tedarik\u00e7ilerine, \u015eirket yetkililerine s\u00f6z konusu hizmetlerin temini amac\u0131yla s\u0131n\u0131rl\u0131 olmak \u00fczere aktar\u0131labilecektir.<\/p>\n<p>&nbsp;<\/p>\n<p>\u015eirket, kullan\u0131c\u0131 deneyiminin geli\u015ftirilmesi (iyile\u015ftirme ve ki\u015fiselle\u015ftirme d\u00e2hil), kullan\u0131c\u0131 g\u00fcvenli\u011fini sa\u011flamak, hileli ya da izinsiz kullan\u0131mlar\u0131 tespit etmek, operasyonel de\u011ferlendirme ara\u015ft\u0131r\u0131lmas\u0131, site hizmetlerine ili\u015fkin hatalar\u0131n giderilmesi ve bu ayd\u0131nlatma metninde yer alan ama\u00e7lardan herhangi birisini ger\u00e7ekle\u015ftirebilmek i\u00e7in SMS g\u00f6nderimi yapanlar da dahil olmak \u00fczere d\u0131\u015f kaynak hizmet sa\u011flay\u0131c\u0131lar\u0131, bar\u0131nd\u0131rma hizmet sa\u011flay\u0131c\u0131lar\u0131 (hosting servisleri), ara\u015ft\u0131rma \u015firketleri, \u00e7a\u011fr\u0131 merkezleri gibi \u00fc\u00e7\u00fcnc\u00fc ki\u015filer ile payla\u015fabilecektir.<\/p>\n<p>&nbsp;<\/p>\n<p>Kullan\u0131c\u0131, yukar\u0131da belirtilen ama\u00e7larla s\u0131n\u0131rl\u0131 olmak kayd\u0131 ile bahsi ge\u00e7en \u00fc\u00e7\u00fcnc\u00fc taraflar\u0131n kullan\u0131c\u0131n\u0131n ki\u015fisel verilerini d\u00fcnyan\u0131n her yerindeki sunucular\u0131nda saklayabilece\u011fini, bu hususa pe\u015finen muvafakat etti\u011fini kabul eder.<\/p>\n<p>&nbsp;<\/p>\n<ol start=\"4\">\n<li><span style=\"color: #000000;\"><strong>Ki\u015fisel verilerin i\u015flenmesinde kullan\u0131lan y\u00f6ntem<\/strong><\/span><\/li>\n<\/ol>\n<p>&nbsp;<\/p>\n<p>\u015eirket, siz kullan\u0131c\u0131lar\u0131m\u0131z\u0131n bilgilerinin g\u00fcvenli\u011fine b\u00fcy\u00fck \u00f6nem vermekte ve bunu sa\u011flamak ad\u0131na en ileri teknolojiye sahip ara\u00e7larla \u00e7al\u0131\u015fmaktad\u0131r. Sitemizin g\u00fcvenli\u011fini sa\u011flamak amac\u0131 ile g\u00fcvenli ortamlarda her t\u00fcrl\u00fc fiziksel, elektronik ve y\u00f6netimsel \u00f6nlem al\u0131nm\u0131\u015ft\u0131r. T\u00fcm bilgiler g\u00fcvenli sunucularda saklanmakta ve yedeklenmektedir.<\/p>\n<p>&nbsp;<\/p>\n<p>\u00c7erezler, web sitelerinde dola\u015f\u0131rken bilgilerin, \u015fifrelerin kaydedildi\u011fi, o web sitesine tekrar girildi\u011finde bilgilerinizin hat\u0131rlanarak giri\u015f yap\u0131ld\u0131\u011f\u0131 dosyalard\u0131r. \u0130nternet taray\u0131c\u0131n\u0131z\u0131n ara\u00e7lar k\u0131sm\u0131ndan t\u00fcm \u00e7erezleri ya da siteye ait verileri silebilir, yard\u0131m k\u0131sm\u0131ndan t\u00fcm \u00e7erezleri reddedebilirsiniz. \u0130\u015flenen \u00e7erezlere ili\u015fkin detayl\u0131 bilgiye \u00e7erez politikam\u0131zdan ula\u015fabilirsiniz.<\/p>\n<p>&nbsp;<\/p>\n<ol start=\"5\">\n<li><span style=\"color: #000000;\"><strong>Ki\u015fisel verilerinizin i\u015flenme amac\u0131<\/strong><\/span><\/li>\n<\/ol>\n<p>&nbsp;<\/p>\n<p><a href=\"https:\/\/www.sefox.net\/en\/\">https:\/\/www.sefox.net\/<\/a> \u00a0\u00fczerinden ileti\u015fim kurmak, sizlere daha iyi hizmet verebilmek, s\u00f6zle\u015fmesel ili\u015fki gereklerini yerine getirebilmek, sistem g\u00fcvenilirli\u011finin art\u0131r\u0131lmas\u0131 ad\u0131na ad-soyad, T.C. kimlik numaras\u0131, teslimat adresi, fatura adresi, e-posta adresi, cep telefonu numaras\u0131, fatura \u00f6deme bilgileri, taleplerinizin yaz\u0131l\u0131 metin hali, i\u015flem g\u00fcvenli\u011fi bilgisi ve finansal bilgiler gibi baz\u0131 ki\u015fisel bilgilerinize ihtiya\u00e7 duyaca\u011f\u0131z.<\/p>\n<p>&nbsp;<\/p>\n<p>Bu bilgiler haricinde, sitenin ve mobil uygulamas\u0131n\u0131n ziyaret s\u0131kl\u0131\u011f\u0131 ve zamanlar\u0131 gibi ki\u015fisel bilgi i\u00e7ermeyen toplu istatistiksel veriler de ziyaret\u00e7i hareket ve tercihlerini analiz etmek ve anlamak amac\u0131yla toplan\u0131r ve kullan\u0131l\u0131r.<\/p>\n<p>&nbsp;<\/p>\n<p><a href=\"https:\/\/www.sefox.net\/en\/\">https:\/\/www.sefox.net\/<\/a> \u00a0sitesinde ve mobil uygulamas\u0131nda toplanan ki\u015fisel bilgiler, kullan\u0131c\u0131lar\u0131m\u0131zla ilgili ileti\u015fimi ve kullan\u0131c\u0131 memnuniyetini sa\u011flamak, s\u00f6zle\u015fmesel y\u00fck\u00fcml\u00fcl\u00fckleri yerine getirmek, kampanyalardan haberdar etmek ve istedi\u011finiz veya yetkilendirdi\u011finiz hizmetlerin sa\u011flanmas\u0131 ya da i\u015flemlerin yerine getirilmesi i\u00e7in kullan\u0131l\u0131r.<\/p>\n<p>&nbsp;<\/p>\n<p><a href=\"https:\/\/www.sefox.net\/en\/\">https:\/\/www.sefox.net\/<\/a> \u00a0kullan\u0131mlar\u0131 desteklemek \u00fczere, kullan\u0131c\u0131lar\u0131na daha etkili hizmet sunmak, siteyi, mobil uygulamas\u0131n\u0131 ve di\u011fer ilgili \u015eirket \u00fcr\u00fcnlerini veya hizmetlerini iyile\u015ftirmek ve sitenin kullan\u0131m\u0131n\u0131 daha kolay hale getirmek i\u00e7in ki\u015fisel bilgileri kullanabilir.<\/p>\n<p>&nbsp;<\/p>\n<p>Ki\u015fisel bilgilerinizi, bildirimleri de i\u00e7erecek \u015fekilde, kullanmakta oldu\u011funuz \u00fcr\u00fcn veya hizmetler hakk\u0131nda bilgiler sa\u011flamak i\u00e7in kullanabiliriz. Ayr\u0131ca, size di\u011fer \u015eirket \u00fcr\u00fcnleri ve hizmetleri hakk\u0131nda bilgiler g\u00f6nderebiliriz.<\/p>\n<p>&nbsp;<\/p>\n<p>Bir haber b\u00fcltenine kaydoldu\u011funuzda veya tan\u0131t\u0131m e-postalar\u0131 almay\u0131 kabul etti\u011finizde \u00a0<a href=\"https:\/\/www.sefox.net\/en\/\">https:\/\/www.sefox.net\/<\/a> sitesi ve mobil uygulamas\u0131, t\u0131klatt\u0131\u011f\u0131n\u0131z e-postalar\u0131 izlemek i\u00e7in \u00f6zelle\u015ftirilmi\u015f ba\u011flant\u0131lar veya benzeri teknolojiler kullanabilir. Her e-posta, bu t\u00fcr iletilerin gelmesini durdurman\u0131za olanak veren, abonelik iptal ba\u011flant\u0131lar\u0131 i\u00e7erir.<\/p>\n<p>&nbsp;<\/p>\n<p>\u015eirket, \u00e7erez kullanabilecek ve bu kapsamda veri i\u015fleyerek \u00fc\u00e7\u00fcnc\u00fc ki\u015filer taraf\u0131ndan sunulan analiz hizmetleri kapsam\u0131nda i\u015flenmesi amac\u0131yla sadece bu analiz hizmetlerinin gerektirdi\u011fi \u00f6l\u00e7\u00fcde kullan\u0131lmas\u0131 amac\u0131yla \u00fc\u00e7\u00fcnc\u00fc ki\u015filere iletebilecektir. Bahsi ge\u00e7en teknik ileti\u015fim dosyalar\u0131, ana bellekte saklanmak \u00fczere taray\u0131c\u0131ya g\u00f6nderilen k\u00fc\u00e7\u00fck metin dosyalar\u0131d\u0131r. Teknik ileti\u015fim dosyas\u0131 bir web sitesi hakk\u0131nda durum ve tercih ayarlar\u0131n\u0131 saklayarak internetin kullan\u0131m\u0131n\u0131 bu anlamda kolayla\u015ft\u0131r\u0131r. Teknik ileti\u015fim dosyas\u0131, internet sitelerini zamansal oranlamal\u0131 olarak ka\u00e7 ki\u015finin kulland\u0131\u011f\u0131n\u0131, bir ki\u015finin herhangi bir internet sitesini hangi ama\u00e7la, ka\u00e7 kez ziyaret etti\u011fi ve ne kadar kald\u0131\u011f\u0131 hakk\u0131nda istatistiksel bilgileri elde etmek ve kullan\u0131c\u0131 i\u00e7in \u00f6zel tasarlanm\u0131\u015f kullan\u0131c\u0131 sayfalar\u0131ndan dinamik olarak reklam ve i\u00e7erik \u00fcretilmesine yard\u0131mc\u0131 olmak \u00fczere tasarlanm\u0131\u015f olup bu ama\u00e7larla kullan\u0131lmaktad\u0131r. Teknik ileti\u015fim dosyas\u0131, ana bellekten ba\u015fkaca herhangi bir ki\u015fisel veri almak i\u00e7in tasarlanmam\u0131\u015ft\u0131r. Taray\u0131c\u0131lar\u0131n pek \u00e7o\u011fu ba\u015fta teknik ileti\u015fim dosyas\u0131n\u0131 kabul eder bi\u00e7imde tasarlanm\u0131\u015ft\u0131r, ancak kullan\u0131c\u0131lar dilerse teknik ileti\u015fim dosyas\u0131n\u0131n gelmemesi veya teknik ileti\u015fim dosyas\u0131n\u0131n g\u00f6nderildi\u011finde ikaz verilmesini sa\u011flayacak bi\u00e7imde taray\u0131c\u0131 ayarlar\u0131n\u0131 her zaman i\u00e7in de\u011fi\u015ftirebilirler. \u015eirket ayr\u0131ca, online davran\u0131\u015fsal reklamc\u0131l\u0131k ve pazarlama yap\u0131labilmesi amac\u0131yla kullan\u0131c\u0131n\u0131n \u00a0<a href=\"https:\/\/www.sefox.net\/en\/\">https:\/\/www.sefox.net\/<\/a> \u00a0sitesindeki davran\u0131\u015flar\u0131n\u0131 taray\u0131c\u0131da bulunan bir \u00e7erez ile ili\u015fkilendirme ve g\u00f6r\u00fcnt\u00fclenen sayfa say\u0131s\u0131, ziyaret s\u00fcresi ve hedef tamamlama say\u0131s\u0131 gibi metrikleri temel alan yeniden pazarlama listeleri tan\u0131mlama hakk\u0131n\u0131 haizdir.<\/p>\n<p>&nbsp;<\/p>\n<ol start=\"6\">\n<li><span style=\"color: #000000;\"><strong>Ki\u015fisel verilerinizin aktar\u0131ld\u0131\u011f\u0131 kurumlar ve aktar\u0131m amac\u0131<\/strong><\/span><\/li>\n<\/ol>\n<p>&nbsp;<\/p>\n<p>\u015eirket, ki\u015fisel verilerinizi \u201cbilme gere\u011fi\u201d ve \u201ckullanma gere\u011fi\u201d ilkelerine uygun olarak, gerekli veri minimizasyonunu sa\u011flayarak ve gerekli teknik ve idari g\u00fcvenlik tedbirlerini alarak i\u015flemeye \u00f6zen g\u00f6stermektedir. \u0130\u015f faaliyetlerinin y\u00fcr\u00fct\u00fclmesi veya denetimi, i\u015f s\u00fcreklili\u011finin sa\u011flanmas\u0131, dijital altyap\u0131lar\u0131n i\u015fletilmesi farkl\u0131 payda\u015flarla s\u00fcrekli veri ak\u0131\u015f\u0131n\u0131 zaruri k\u0131ld\u0131\u011f\u0131 i\u00e7in i\u015fledi\u011fimiz ki\u015fisel verileri belirli ama\u00e7larla \u00fc\u00e7\u00fcnc\u00fc ki\u015filere aktarmak durumunday\u0131z. Ayr\u0131ca, s\u00f6zle\u015fmesel ve kanuni y\u00fck\u00fcml\u00fcl\u00fcklerimizi tam ve gere\u011fi gibi yerine getirebilmemiz i\u00e7in ki\u015fisel verilerinizin do\u011fru ve g\u00fcncel olmas\u0131 \u00e7ok \u00f6nemlidir. Bunun i\u00e7in de muhtelif i\u015f ortaklar\u0131yla ve hizmet sa\u011flay\u0131c\u0131larla \u00e7al\u0131\u015fmak durumunday\u0131z.<\/p>\n<p>&nbsp;<\/p>\n<p>\u015eirket, toplad\u0131\u011f\u0131 ki\u015fisel verileri ba\u015fta s\u00f6zle\u015fmesel y\u00fck\u00fcml\u00fcl\u00fcklerini yerine getirme olmak \u00fczere faaliyetlerini y\u00fcr\u00fctebilmek i\u00e7in i\u015fbirli\u011fi yapt\u0131\u011f\u0131 program orta\u011f\u0131 kurumlarla, kurulu\u015flarla, verilerin bulut ortam\u0131nda saklanmas\u0131 hizmetini ald\u0131\u011f\u0131 yurt i\u00e7indeki\/yurt d\u0131\u015f\u0131ndaki ki\u015fi ve kurumlarla, \u00f6deme arac\u0131s\u0131 kurulu\u015flar ile kullan\u0131c\u0131lar\u0131na daha iyi hizmet sunabilmek ve kullan\u0131c\u0131 memnuniyetini sa\u011flayabilmek i\u00e7in \u00e7e\u015fitli pazarlama faaliyetleri kapsam\u0131nda yard\u0131mc\u0131 ara\u00e7larla, yurt i\u00e7indeki ve yurt d\u0131\u015f\u0131ndaki \u00e7e\u015fitli ajanslarla ve reklam \u015firketleriyle, anket \u015firketleriyle, yurt i\u00e7indeki\/yurt d\u0131\u015f\u0131ndaki di\u011fer \u00fc\u00e7\u00fcnc\u00fc ki\u015filerle ve ilgili i\u015f ortaklar\u0131 ile payla\u015fabilmektedir.<\/p>\n<p>&nbsp;<\/p>\n<p>A\u00e7\u0131k r\u0131za olmaks\u0131z\u0131n \u015eirket\u2019in ki\u015fisel verilerinizi i\u015flemesi, ancak 6698 say\u0131l\u0131 Ki\u015fisel Verilerin Korunmas\u0131 Kanunu\u2019nda s\u0131n\u0131rl\u0131 say\u0131da say\u0131lm\u0131\u015f olan hallerde m\u00fcmk\u00fcnd\u00fcr.<\/p>\n<p>&nbsp;<\/p>\n<ol start=\"7\">\n<li><span style=\"color: #000000;\"><strong>Ki\u015fisel Verilerinize Dair Haklar\u0131n\u0131z<\/strong><\/span><\/li>\n<\/ol>\n<p>&nbsp;<\/p>\n<p>\u015eirket olarak, 6698 say\u0131l\u0131 Ki\u015fisel Verilerin Korunmas\u0131 Kanunu uyar\u0131nca tan\u0131nm\u0131\u015f ki\u015fisel verilerinizle ilgili haklar\u0131n\u0131z\u0131 hat\u0131rlatmak isteriz:<\/p>\n<ol>\n<li><span style=\"color: #000000;\">Ki\u015fisel veri i\u015flenip i\u015flenmedi\u011fini \u00f6\u011frenme,<\/span><\/li>\n<li><span style=\"color: #000000;\">Ki\u015fisel verileri i\u015flenmi\u015fse buna ili\u015fkin bilgi talep etme,<\/span><\/li>\n<li><span style=\"color: #000000;\">Ki\u015fisel verilerin i\u015flenme amac\u0131n\u0131 ve bunlar\u0131n amac\u0131na uygun kullan\u0131l\u0131p kullan\u0131lmad\u0131\u011f\u0131n\u0131 \u00f6\u011frenme,<\/span><\/li>\n<li><span style=\"color: #000000;\">Yurt i\u00e7inde veya yurt d\u0131\u015f\u0131nda ki\u015fisel verilerin aktar\u0131ld\u0131\u011f\u0131 \u00fc\u00e7\u00fcnc\u00fc ki\u015fileri bilme,<\/span><\/li>\n<li><span style=\"color: #000000;\">Ki\u015fisel verilerin eksik veya yanl\u0131\u015f i\u015flenmi\u015f olmas\u0131 h\u00e2linde bunlar\u0131n d\u00fczeltilmesini isteme,<\/span><\/li>\n<li><span style=\"color: #000000;\">7 nci maddede \u00f6ng\u00f6r\u00fclen \u015fartlar \u00e7er\u00e7evesinde ki\u015fisel verilerin silinmesini veya yok edilmesini isteme,<\/span><\/li>\n<li><span style=\"color: #000000;\">\u00a0(d) ve (e) bentleri uyar\u0131nca yap\u0131lan i\u015flemlerin, ki\u015fisel verilerin aktar\u0131ld\u0131\u011f\u0131 \u00fc\u00e7\u00fcnc\u00fc ki\u015filere bildirilmesini isteme,<\/span><\/li>\n<li><span style=\"color: #000000;\">\u0130\u015flenen verilerin m\u00fcnhas\u0131ran otomatik sistemler vas\u0131tas\u0131yla analiz edilmesi suretiyle ki\u015finin kendisi aleyhine bir sonucun ortaya \u00e7\u0131kmas\u0131na itiraz etme,<\/span><\/li>\n<li><span style=\"color: #000000;\">Ki\u015fisel verilerin kanuna ayk\u0131r\u0131 olarak i\u015flenmesi sebebiyle zarara u\u011framas\u0131 h\u00e2linde zarar\u0131n giderilmesini talep etme<\/span><\/li>\n<\/ol>\n<p>&nbsp;<\/p>\n<ol start=\"8\">\n<li><span style=\"color: #000000;\"><strong>Ki\u015fisel Veri \u0130\u015fleme S\u00fcresi<\/strong><\/span><\/li>\n<\/ol>\n<p>&nbsp;<\/p>\n<p>Ki\u015fisel Verileriniz, KVKK ba\u015fta olmak \u00fczere ilgili ki\u015fisel verilerin korunmas\u0131 mevzuat\u0131 ve di\u011fer mevzuatta zorunlu k\u0131l\u0131nan s\u00fcreler uyar\u0131nca ve azami olarak yukar\u0131daki me\u015fru ama\u00e7lar ortadan kalkmad\u0131\u011f\u0131 m\u00fcddet\u00e7e i\u015flenecektir.<\/p>\n<p>&nbsp;<\/p>\n<p>Buna ek olarak, \u015eirket kullan\u0131c\u0131 ile aras\u0131nda do\u011fabilecek herhangi bir uyu\u015fmazl\u0131k durumunda, uyu\u015fmazl\u0131k kapsam\u0131nda gerekli savunmalar\u0131n ger\u00e7ekle\u015ftirilebilmesi amac\u0131yla s\u0131n\u0131rl\u0131 olmak \u00fczere ve ilgili mevzuat uyar\u0131nca belirlenen s\u00fcreler boyunca ki\u015fisel verileri saklayabilecektir.<\/p>\n<p>&nbsp;<\/p>\n<ol start=\"9\">\n<li><span style=\"color: #000000;\"><strong>Veri G\u00fcvenli\u011fine \u0130li\u015fkin \u00d6nlemler ve Taahh\u00fctler<\/strong><\/span><\/li>\n<\/ol>\n<p>\u015eirket, ilgili mevzuatta belirlenen veya bu ayd\u0131nlatma metninde ifade edilen \u015fartlarda:<\/p>\n<ul>\n<li>Ki\u015fisel verilerin hukuka ayk\u0131r\u0131 olarak i\u015flenmemesini,<\/li>\n<li>Ki\u015fisel verilere hukuka ayk\u0131r\u0131 olarak eri\u015filmemesini,<\/li>\n<li>Ki\u015fisel verilerin muhafazas\u0131n\u0131 sa\u011flamak amac\u0131yla uygun g\u00fcvenlik d\u00fczeyini temin etmeye y\u00f6nelik gerekli teknik ve idari tedbirleri almay\u0131, gerekli denetimleri yapt\u0131rmay\u0131 taahh\u00fct eder. \u015eirket, kullan\u0131c\u0131 hakk\u0131nda elde etti\u011fi ki\u015fisel verileri bu <a href=\"https:\/\/www.sefox.net\/en\/kvkk-aydinlatma-metni\/\">https:\/\/www.sefox.net\/kvkk-aydinlatma-metni\/<\/a> Ki\u015fisel Verilerin \u0130\u015flenmesine \u0130li\u015fkin Ayd\u0131nlatma Metni ve Kanun h\u00fck\u00fcmlerine ayk\u0131r\u0131 olarak ba\u015fkas\u0131na a\u00e7\u0131klayamaz ve i\u015fleme amac\u0131 d\u0131\u015f\u0131nda kullanamaz.<\/li>\n<\/ul>\n<p>&nbsp;<\/p>\n<p>Site \u00fczerinden ba\u015fka uygulamalara link verilmesi halinde, \u015eirket uygulamalar\u0131n gizlilik ve ki\u015fisel verilen korunmas\u0131 ve i\u015flenmesi politikalar\u0131 ve i\u00e7eriklerine y\u00f6nelik herhangi bir sorumluluk ta\u015f\u0131mamaktad\u0131r.<\/p>\n<p>&nbsp;<\/p>\n<ol start=\"10\">\n<li><span style=\"color: #000000;\"><strong>Ki\u015fisel Verilerinizin G\u00fcncellenmesi ve Ba\u015fvuru Hakk\u0131n\u0131z<\/strong><\/span><\/li>\n<\/ol>\n<p>&nbsp;<\/p>\n<p>\u015eirket olarak, 6698 say\u0131l\u0131 Ki\u015fisel Verilerin Korunmas\u0131 Kanunu uyar\u0131nca, i\u015flenen ki\u015fisel verilerinizin do\u011fru ve g\u00fcncel olmas\u0131n\u0131 sa\u011flama y\u00fck\u00fcml\u00fcl\u00fc\u011f\u00fcm\u00fcz bulunmaktad\u0131r. Bu y\u00fck\u00fcml\u00fcl\u00fck \u00e7er\u00e7evesinde, bilgileriniz de\u011fi\u015fti\u011finde onlar\u0131 g\u00fcncelleyebilmemiz i\u00e7in OPERASYON@SEFOX.NET adresinden bizimle ileti\u015fime ge\u00e7menizi rica ederiz. Bunun d\u0131\u015f\u0131nda yukar\u0131da belirtmi\u015f oldu\u011fumuz haklar\u0131n\u0131z\u0131 kullanmak istedi\u011finizde yine ayn\u0131 \u015fekilde bizimle ileti\u015fime ge\u00e7erek bize m\u00fcracaat edebilirsiniz.<\/p>\n<p>&nbsp;<\/p>\n<p>\u015eirket olarak, mevzuatta ki\u015fisel verilerle ilgili yap\u0131labilecek herhangi bir de\u011fi\u015fiklik sonras\u0131nda gerekli g\u00fcncellemeleri yapaca\u011f\u0131m\u0131z\u0131 taahh\u00fct ederiz. \u015eirket, <a href=\"https:\/\/www.sefox.net\/en\/kvkk-aydinlatma-metni\/\">https:\/\/www.sefox.net\/kvkk-aydinlatma-metni\/<\/a> \u00a0Ki\u015fisel Verilerin \u0130\u015flenmesine \u0130li\u015fkin Ayd\u0131nlatma Metni h\u00fck\u00fcmlerini diledi\u011fi zaman de\u011fi\u015ftirebilir. G\u00fcncel ayd\u0131nlatma metni, kullan\u0131c\u0131ya herhangi bir y\u00f6ntemle sunuldu\u011fu tarihte y\u00fcr\u00fcrl\u00fck kazan\u0131r.<\/p>\n<p>&nbsp;<\/p>\n<p>Ki\u015fisel Verileri \u015eirket taraf\u0131ndan i\u015flenen kullan\u0131c\u0131lar\u0131m\u0131z taraf\u0131ndan yap\u0131lacak \u015fik\u00e2yetler, \u015eirket taraf\u0131ndan en k\u0131sa s\u00fcre i\u00e7erisinde ve en ge\u00e7 30 g\u00fcn i\u00e7erisinde cevapland\u0131r\u0131lacak ve sonu\u00e7land\u0131r\u0131lacakt\u0131r. Ancak ek bir maliyet do\u011fmas\u0131 halinde, \u015eirket\u2019in Ki\u015fisel Verileri Koruma Kurulu taraf\u0131ndan belirlenecek tarifeye g\u00f6re taraf\u0131n\u0131zdan \u00fccret talep edebilme hakk\u0131 sakl\u0131d\u0131r.<\/p>\n<p>&nbsp;<\/p>\n<p>Kullan\u0131c\u0131lar\u0131m\u0131z, talep ve \u015fik\u00e2yetlerini 6698 say\u0131l\u0131 Ki\u015fisel Verilerin Korunmas\u0131 Kanunu ve ilgili mevzuat uyar\u0131nca OPERASYON@SEFOX.NET adresine yapabilecektir. Bu kapsamda, \u201c5. Ki\u015fisel Verilerinize Dair Haklar\u0131n\u0131z\u201d ba\u015fl\u0131\u011f\u0131 alt\u0131nda s\u0131ralanan haklar\u0131n\u0131za ili\u015fkin taleplerinizi kimli\u011finizi tespit edici belgelerle birlikte a\u015fa\u011f\u0131da belirlenen y\u00f6ntemler ile \u015eirket\u2019e iletebilirsiniz.<\/p>\n<p>&nbsp;<\/p>\n<p>(i) A\u015fa\u011f\u0131da yer alan ve zaman i\u00e7erisinde g\u00fcncellenebilecek olan posta adresimize elden \u0131slak imzal\u0131 olarak ya da noter arac\u0131l\u0131\u011f\u0131yla,<\/p>\n<p>&nbsp;<\/p>\n<p><strong>Adres: Saray <\/strong>Mahallesi, 186. Sok. No:4, 06980 Kahramankazan\/Ankara<\/p>\n<p>&nbsp;<\/p>\n<p>(ii) Bize daha \u00f6nce bildirdi\u011finiz ve sistemimizde kay\u0131tl\u0131 olan e-posta adresinizden taraf\u0131m\u0131za g\u00f6nderece\u011finiz e-posta ile (l\u00fctfen kay\u0131tl\u0131 e-posta adresinizi kontrol ediniz) veya g\u00fcvenli elektronik imzal\u0131 veya mobil imzal\u0131 olarak KEP adresimize,<\/p>\n<p>&nbsp;<\/p>\n<p><strong>E-posta adresi:<\/strong> OPERASYON@SEFOX.NET<\/p>\n<p><strong>KEP adresi:\u00a0<\/strong>SEFAK\u0130MYA@HS01.KEP.TR<\/p>\n<p>&nbsp;<\/p>\n<p>(iii) Ki\u015fisel Verileri Koruma Kurumu taraf\u0131ndan ileriki s\u00fcre\u00e7te belirlenebilecek di\u011fer y\u00f6ntemler.<\/p>\n<p>&nbsp;<\/p>\n<p>ile g\u00f6nderebilece\u011finizi bildiririz.[\/vc_column_text][\/vc_column][\/vc_row]<\/p>","protected":false},"excerpt":{"rendered":"<p>[vc_row][vc_column][vc_column_text]K\u0130\u015e\u0130SEL VER\u0130LER\u0130N \u0130\u015eLENMES\u0130NE \u0130L\u0130\u015eK\u0130N AYDINLATMA METN\u0130 &nbsp; SEFA K\u0130MYA PETROL \u00dcRN. SAN. DI\u015e. T\u0130C. A.\u015e. kullan\u0131c\u0131lar\u0131n\u0131n ki\u015fisel verilerine ve bundan do\u011fan haklar\u0131na b\u00fcy\u00fck \u00f6nem vermektedir. A\u015fa\u011f\u0131daki maddeler, https:\/\/www.sefox.net\/ web sitelerinde toplanan ki\u015fisel verilerin neler oldu\u011fu, s\u00f6z konusu veri bilgilerinin hangi ama\u00e7lar i\u00e7in topland\u0131\u011f\u0131, hangi \u015fekillerde kullan\u0131ld\u0131\u011f\u0131, bu bilgileri nas\u0131l de\u011fi\u015ftirebilece\u011finizi ve bizimle nas\u0131l ileti\u015fime ge\u00e7ebilece\u011finiz<\/p>","protected":false},"author":2,"featured_media":0,"parent":0,"menu_order":0,"comment_status":"closed","ping_status":"closed","template":"","meta":{"footnotes":""},"class_list":["post-7967","page","type-page","status-publish","hentry"],"_links":{"self":[{"href":"https:\/\/www.sefox.net\/en\/wp-json\/wp\/v2\/pages\/7967"}],"collection":[{"href":"https:\/\/www.sefox.net\/en\/wp-json\/wp\/v2\/pages"}],"about":[{"href":"https:\/\/www.sefox.net\/en\/wp-json\/wp\/v2\/types\/page"}],"author":[{"embeddable":true,"href":"https:\/\/www.sefox.net\/en\/wp-json\/wp\/v2\/users\/2"}],"replies":[{"embeddable":true,"href":"https:\/\/www.sefox.net\/en\/wp-json\/wp\/v2\/comments?post=7967"}],"version-history":[{"count":6,"href":"https:\/\/www.sefox.net\/en\/wp-json\/wp\/v2\/pages\/7967\/revisions"}],"predecessor-version":[{"id":7973,"href":"https:\/\/www.sefox.net\/en\/wp-json\/wp\/v2\/pages\/7967\/revisions\/7973"}],"wp:attachment":[{"href":"https:\/\/www.sefox.net\/en\/wp-json\/wp\/v2\/media?parent=7967"}],"curies":[{"name":"wp","href":"https:\/\/api.w.org\/{rel}","templated":true}]}}