{"id":7962,"date":"2024-08-09T09:02:25","date_gmt":"2024-08-09T09:02:25","guid":{"rendered":"https:\/\/www.sefox.net\/?page_id=7962"},"modified":"2024-08-09T09:06:21","modified_gmt":"2024-08-09T09:06:21","slug":"acik-riza-metni","status":"publish","type":"page","link":"https:\/\/www.sefox.net\/en\/acik-riza-metni\/","title":{"rendered":"Explicit Consent Text"},"content":{"rendered":"<p>[vc_row][vc_column][vc_column_text]<\/p>\n<p><strong>A\u00c7IK RIZA METN\u0130<\/strong><\/p>\n<p><strong>\u00a0<\/strong><\/p>\n<p>SEFA K\u0130MYA PETROL \u00dcRN. SAN. DI\u015e. T\u0130C. A.\u015e. \u2019ne ait websitesi olan \u00a0<a href=\"https:\/\/www.sefox.net\/en\/\">https:\/\/www.sefox.net\/<\/a> \u00a0adresi \u00fczerinden ileti\u015fim kurmam ve hizmetlerinden faydalanmam sebebiyle <strong>Ad, soyad vb. kimlik bilgileri, adres, i\u015f veya \u00f6zel e-posta adresi, telefon numaras\u0131 vb. ileti\u015fim bilgileri, sitenin kullan\u0131lmas\u0131 esnas\u0131nda siteye y\u00fckleyece\u011fim i\u00e7erik yaz\u0131, foto\u011fraf, bilgi vs. , \u0130\u015flem G\u00fcvenli\u011fi Bilgisi, IP bilgileri ve log kayd\u0131<\/strong><strong> ile kendimi tan\u0131tmak i\u00e7in verdi\u011fim <\/strong>ki\u015fisel verilerimin 6698 say\u0131l\u0131 Ki\u015fisel Verilerin Korunmas\u0131 Kanunu (\u201c<strong>KVKK<\/strong>\u201d) uyar\u0131nca, ayd\u0131nlatma metninde a\u00e7\u0131kland\u0131\u011f\u0131 \u00e7er\u00e7evede; i\u015flenmesini, kaydedilmesini, saklanmas\u0131n\u0131, g\u00fcncellenmesini ve 3. ki\u015filerle payla\u015f\u0131lmas\u0131n\u0131 kabul ediyorum. \u0130lgili <a href=\"https:\/\/www.sefox.net\/en\/acik-riza-metni\/\">https:\/\/www.sefox.net\/acik-riza-metni\/<\/a> Ayd\u0131nlatma Metni, ileti\u015fim formu arac\u0131l\u0131\u011f\u0131 ile SEFA K\u0130MYA PETROL \u00dcRN. SAN. DI\u015e. T\u0130C. A.\u015e. ile ileti\u015fim kurma talebim, websitesi\u2019nin kullan\u0131m\u0131 ve s\u00f6zle\u015fme kurulu\u015fu esnas\u0131nda tebli\u011f edilmi\u015f, ayr\u0131ca <a href=\"https:\/\/www.sefox.net\/en\/acik-riza-metni\/\">https:\/\/www.sefox.net\/acik-riza-metni\/<\/a> websitesi yer almaktad\u0131r.<\/p>\n<p>&nbsp;<\/p>\n<p>Ki\u015fisel verilerimin SEFA K\u0130MYA PETROL \u00dcRN. SAN. DI\u015e. T\u0130C. A.\u015e. taraf\u0131ndan yukar\u0131da ve ayd\u0131nlatma metninde belirtilen ama\u00e7lar d\u00e2hilinde i\u015flenmesine ve ayd\u0131nlatma metni\/a\u00e7\u0131k r\u0131za metinde belirtilen ki\u015fi ve kurumlara aktar\u0131lmas\u0131na ili\u015fkin a\u00e7\u0131k r\u0131za veriyorum. \u0130\u015fbu metindeki a\u00e7\u0131klamalar\u0131 okudum, anlad\u0131m ve kabul ediyorum.<\/p>\n<p>&nbsp;<\/p>\n<p>6698 say\u0131l\u0131 kanun ve di\u011fer mevzuat h\u00fck\u00fcmleri uyar\u0131nca SEFA K\u0130MYA PETROL \u00dcRN. SAN. DI\u015e. T\u0130C. A.\u015e._ ba\u015fvurarak taraf\u0131mla ilgili; a) Ki\u015fisel veri i\u015flenip i\u015flenmedi\u011fini \u00f6\u011frenme, b) Ki\u015fisel verileri i\u015flenmi\u015fse buna ili\u015fkin bilgi talep etme, c) Ki\u015fisel verilerin i\u015flenme amac\u0131n\u0131 ve bunlar\u0131n amac\u0131na uygun kullan\u0131l\u0131p kullan\u0131lmad\u0131\u011f\u0131n\u0131 \u00f6\u011frenme, \u00e7) Yurt i\u00e7inde veya yurt d\u0131\u015f\u0131nda ki\u015fisel verilerin aktar\u0131ld\u0131\u011f\u0131 \u00fc\u00e7\u00fcnc\u00fc ki\u015fileri bilme, d) Ki\u015fisel verilerin eksik veya yanl\u0131\u015f i\u015flenmi\u015f olmas\u0131 h\u00e2linde bunlar\u0131n d\u00fczeltilmesini isteme, haklar\u0131n\u0131z kullanabilirsiniz. Kanunun \u201cilgili ki\u015finin haklar\u0131n\u0131 d\u00fczenleyen\u201d 11 Maddesi kapsam\u0131ndaki taleplerinize ili\u015fkin olarak, \u201cVeri Sorumlusuna Ba\u015fvuru Usul ve Esaslar\u0131 Hakk\u0131nda Tebli\u011fe\u201d g\u00f6re __ SEFA K\u0130MYA PETROL \u00dcRN. SAN. DI\u015e. T\u0130C. A.\u015e ____ ba\u015fvuru hakk\u0131m bulundu\u011fu konusunda bilgilendirildim.<\/p>\n<p>&nbsp;<\/p>\n<p>\u0130\u015fbu A\u00e7\u0131k R\u0131za Metni\u2019nde yer alan hususlarla alakal\u0131 olarak a\u00e7\u0131k r\u0131za vermi\u015f oldu\u011fum ki\u015fisel verilerimin, yukar\u0131da a\u00e7\u0131klanm\u0131\u015f olan ama\u00e7larla i\u015flenmesine ve belirtilen \u00fc\u00e7\u00fcnc\u00fc ki\u015filerle payla\u015f\u0131lmas\u0131na hi\u00e7bir etki alt\u0131nda kalmadan i\u015fbu metni okuyarak a\u00e7\u0131k r\u0131za veriyorum.[\/vc_column_text][\/vc_column][\/vc_row]<\/p>","protected":false},"excerpt":{"rendered":"<p>[vc_row][vc_column][vc_column_text] A\u00c7IK RIZA METN\u0130 \u00a0 SEFA K\u0130MYA PETROL \u00dcRN. SAN. DI\u015e. T\u0130C. A.\u015e. \u2019ne ait websitesi olan \u00a0https:\/\/www.sefox.net\/ \u00a0adresi \u00fczerinden ileti\u015fim kurmam ve hizmetlerinden faydalanmam sebebiyle Ad, soyad vb. kimlik bilgileri, adres, i\u015f veya \u00f6zel e-posta adresi, telefon numaras\u0131 vb. ileti\u015fim bilgileri, sitenin kullan\u0131lmas\u0131 esnas\u0131nda siteye y\u00fckleyece\u011fim i\u00e7erik yaz\u0131, foto\u011fraf, bilgi vs. , \u0130\u015flem G\u00fcvenli\u011fi<\/p>","protected":false},"author":2,"featured_media":0,"parent":0,"menu_order":0,"comment_status":"closed","ping_status":"closed","template":"","meta":{"footnotes":""},"class_list":["post-7962","page","type-page","status-publish","hentry"],"_links":{"self":[{"href":"https:\/\/www.sefox.net\/en\/wp-json\/wp\/v2\/pages\/7962"}],"collection":[{"href":"https:\/\/www.sefox.net\/en\/wp-json\/wp\/v2\/pages"}],"about":[{"href":"https:\/\/www.sefox.net\/en\/wp-json\/wp\/v2\/types\/page"}],"author":[{"embeddable":true,"href":"https:\/\/www.sefox.net\/en\/wp-json\/wp\/v2\/users\/2"}],"replies":[{"embeddable":true,"href":"https:\/\/www.sefox.net\/en\/wp-json\/wp\/v2\/comments?post=7962"}],"version-history":[{"count":4,"href":"https:\/\/www.sefox.net\/en\/wp-json\/wp\/v2\/pages\/7962\/revisions"}],"predecessor-version":[{"id":7966,"href":"https:\/\/www.sefox.net\/en\/wp-json\/wp\/v2\/pages\/7962\/revisions\/7966"}],"wp:attachment":[{"href":"https:\/\/www.sefox.net\/en\/wp-json\/wp\/v2\/media?parent=7962"}],"curies":[{"name":"wp","href":"https:\/\/api.w.org\/{rel}","templated":true}]}}