{"id":7709,"date":"2020-07-17T09:21:23","date_gmt":"2020-07-17T09:21:23","guid":{"rendered":"https:\/\/www.sefox.net\/?page_id=7709"},"modified":"2020-07-17T09:22:34","modified_gmt":"2020-07-17T09:22:34","slug":"tekstil-laminasyon-sektoru","status":"publish","type":"page","link":"https:\/\/www.sefox.net\/en\/tekstil-laminasyon-sektoru\/","title":{"rendered":"Textil Lamination Industry"},"content":{"rendered":"<p>[vc_row][vc_column width=&#8221;1\/2&#8243;][vc_single_image image=&#8221;7710&#8243; img_size=&#8221;full&#8221; style=&#8221;vc_box_shadow_border&#8221;][\/vc_column][vc_column width=&#8221;1\/2&#8243;][vc_custom_heading text=&#8221;BEBEK BEZ\u0130 END\u00dcSTR\u0130S\u0130&#8221; font_container=&#8221;tag:h4|text_align:left&#8221; use_theme_fonts=&#8221;yes&#8221;][vc_column_text]Sefox Hotmelt grubu laminasyon uygulamalar\u0131 i\u00e7in de kullan\u0131ma haz\u0131r, y\u00fcksek yap\u0131\u015ft\u0131rma g\u00fcc\u00fcne sahip yap\u0131\u015ft\u0131r\u0131c\u0131 \u00e7\u00f6z\u00fcmleri i\u00e7ermektedir. Tekstil laminasyon uygulamalar\u0131nda, kuma\u015f\u0131 kuma\u015fa, kuma\u015f\u0131 s\u00fcngere, kuma\u015f\u0131 telaya, s\u00fcngeri telaya, vb. yap\u0131\u015ft\u0131rma i\u015flerinde kullan\u0131l\u0131r.<\/p>\n<p>Tekstil sekt\u00f6r\u00fcn\u00fcn her alan\u0131 \u00fcretim teknoloji a\u00e7\u0131s\u0131ndan kendine \u00f6zel ihtiya\u00e7lara sahiptir. \u00dcr\u00fcn bile\u015fenlerinin fonksiyonlar\u0131n\u0131 ve gereksinimlerini destekleyen yap\u0131\u015ft\u0131r\u0131c\u0131lar vazge\u00e7ilmezdir. En modern hammaddeler ile form\u00fcle edilen Sefox&#8217;un g\u00fc\u00e7l\u00fc ve yenilik\u00e7i yap\u0131\u015ft\u0131r\u0131c\u0131 \u00fcr\u00fcnleri, ideal i\u015fleme \u00f6zellikleri ve enerji verimlili\u011fi sayesinde g\u00fcvenilir s\u00fcre\u00e7ler sa\u011flamaktad\u0131r.[\/vc_column_text][\/vc_column][\/vc_row][vc_row disable_element=&#8221;yes&#8221; css=&#8221;.vc_custom_1594905388140{margin-top: 30px !important;}&#8221;][vc_column width=&#8221;1\/3&#8243;][vc_single_image image=&#8221;7628&#8243; img_size=&#8221;full&#8221; style=&#8221;vc_box_shadow_border&#8221;][\/vc_column][vc_column width=&#8221;1\/3&#8243;][vc_single_image image=&#8221;7627&#8243; img_size=&#8221;full&#8221; style=&#8221;vc_box_shadow_border&#8221;][\/vc_column][vc_column width=&#8221;1\/3&#8243;][vc_single_image image=&#8221;7626&#8243; img_size=&#8221;full&#8221; style=&#8221;vc_box_shadow_border&#8221;][\/vc_column][\/vc_row][vc_row disable_element=&#8221;yes&#8221; css=&#8221;.vc_custom_1593540419999{margin-top: 30px !important;}&#8221;][vc_column][vc_separator border_width=&#8221;2&#8243;][vc_row_inner css=&#8221;.vc_custom_1586104225418{padding-top: 30px !important;padding-bottom: 30px !important;}&#8221;][vc_column_inner width=&#8221;1\/4&#8243;][vc_column_text]<span style=\"color: #000000;\"><strong><span style=\"font-size: 24px;\">Brand<\/span><\/strong><\/span>[\/vc_column_text][\/vc_column_inner][vc_column_inner width=&#8221;1\/4&#8243;][vc_column_text]<span style=\"color: #000000;\"><strong><span style=\"font-size: 24px;\">Type<\/span><\/strong><\/span>[\/vc_column_text][\/vc_column_inner][vc_column_inner width=&#8221;1\/4&#8243;][\/vc_column_inner][vc_column_inner width=&#8221;1\/4&#8243;][\/vc_column_inner][\/vc_row_inner][vc_row_inner css=&#8221;.vc_custom_1586103793113{padding-top: 30px !important;padding-bottom: 30px !important;background-color: #e0e0e0 !important;}&#8221;][vc_column_inner width=&#8221;1\/4&#8243;][vc_column_text]<span style=\"color: #000000;\"><strong><span style=\"font-size: 18px;\">SEFOX<br \/>\n<\/span><\/strong><\/span>[\/vc_column_text][\/vc_column_inner][vc_column_inner width=&#8221;1\/4&#8243;][vc_column_text]<a href=\"https:\/\/www.sefox.net\/en\/hotmelt-eva-bazli\/\"><span style=\"color: #000000;\"><span style=\"font-size: 18px;\">Hotmelt\u00a0 Eva\u00a0 Bazl\u0131&gt;&gt;<\/span><\/span><\/a>[\/vc_column_text][\/vc_column_inner][vc_column_inner width=&#8221;1\/4&#8243;][\/vc_column_inner][vc_column_inner width=&#8221;1\/4&#8243;][\/vc_column_inner][\/vc_row_inner][\/vc_column][\/vc_row]<\/p>","protected":false},"excerpt":{"rendered":"<p>[vc_row][vc_column width=&#8221;1\/2&#8243;][vc_single_image image=&#8221;7710&#8243; img_size=&#8221;full&#8221; style=&#8221;vc_box_shadow_border&#8221;][\/vc_column][vc_column width=&#8221;1\/2&#8243;][vc_custom_heading text=&#8221;BEBEK BEZ\u0130 END\u00dcSTR\u0130S\u0130&#8221; font_container=&#8221;tag:h4|text_align:left&#8221; use_theme_fonts=&#8221;yes&#8221;][vc_column_text]Sefox Hotmelt grubu laminasyon uygulamalar\u0131 i\u00e7in de kullan\u0131ma haz\u0131r, y\u00fcksek yap\u0131\u015ft\u0131rma g\u00fcc\u00fcne sahip yap\u0131\u015ft\u0131r\u0131c\u0131 \u00e7\u00f6z\u00fcmleri i\u00e7ermektedir. Tekstil laminasyon uygulamalar\u0131nda, kuma\u015f\u0131 kuma\u015fa, kuma\u015f\u0131 s\u00fcngere, kuma\u015f\u0131 telaya, s\u00fcngeri telaya, vb. yap\u0131\u015ft\u0131rma i\u015flerinde kullan\u0131l\u0131r. Tekstil sekt\u00f6r\u00fcn\u00fcn her alan\u0131 \u00fcretim teknoloji a\u00e7\u0131s\u0131ndan kendine \u00f6zel ihtiya\u00e7lara sahiptir. \u00dcr\u00fcn bile\u015fenlerinin fonksiyonlar\u0131n\u0131<\/p>","protected":false},"author":2,"featured_media":0,"parent":0,"menu_order":0,"comment_status":"closed","ping_status":"closed","template":"","meta":{"footnotes":""},"class_list":["post-7709","page","type-page","status-publish","hentry"],"_links":{"self":[{"href":"https:\/\/www.sefox.net\/en\/wp-json\/wp\/v2\/pages\/7709"}],"collection":[{"href":"https:\/\/www.sefox.net\/en\/wp-json\/wp\/v2\/pages"}],"about":[{"href":"https:\/\/www.sefox.net\/en\/wp-json\/wp\/v2\/types\/page"}],"author":[{"embeddable":true,"href":"https:\/\/www.sefox.net\/en\/wp-json\/wp\/v2\/users\/2"}],"replies":[{"embeddable":true,"href":"https:\/\/www.sefox.net\/en\/wp-json\/wp\/v2\/comments?post=7709"}],"version-history":[{"count":2,"href":"https:\/\/www.sefox.net\/en\/wp-json\/wp\/v2\/pages\/7709\/revisions"}],"predecessor-version":[{"id":7712,"href":"https:\/\/www.sefox.net\/en\/wp-json\/wp\/v2\/pages\/7709\/revisions\/7712"}],"wp:attachment":[{"href":"https:\/\/www.sefox.net\/en\/wp-json\/wp\/v2\/media?parent=7709"}],"curies":[{"name":"wp","href":"https:\/\/api.w.org\/{rel}","templated":true}]}}