{"id":6977,"date":"2020-04-05T09:26:52","date_gmt":"2020-04-05T09:26:52","guid":{"rendered":"http:\/\/sefox.net\/?page_id=6977"},"modified":"2020-05-02T14:26:54","modified_gmt":"2020-05-02T14:26:54","slug":"kurumsal","status":"publish","type":"page","link":"https:\/\/www.sefox.net\/en\/kurumsal\/","title":{"rendered":"Corporate"},"content":{"rendered":"<p>[vc_row][vc_column width=&#8221;1\/2&#8243;][vc_custom_heading text=&#8221;SEFA K\u0130MYA PETROL \u00dcR\u00dcNLER\u0130 SANAY\u0130 VE DI\u015e T\u0130CARET A.\u015e&#8221; font_container=&#8221;tag:h4|text_align:left&#8221; use_theme_fonts=&#8221;yes&#8221;][vc_column_text]<\/p>\n<p style=\"text-align: justify;\">Our company stepped into the sector as a furniture workshop under the name of \"Birlik \u00c7elikler\" in 1972; With its mindset that adopts innovation as a principle, it has progressed in the light of technological developments and has reached today as a company with nearly 50 years of experience.<\/p>\n<p style=\"text-align: justify;\">Its name is Sefa Kimya A.\u015e. as in Turkey and was able to announce all over the world, supported by prospective studies of the structure as a product, the more value every day, and the country continues to add to its employees.<\/p>\n<p style=\"text-align: justify;\">With its innovative steps it has taken since its establishment, it still maintains its leading and innovative status, producing high-quality products that it has achieved in a short time by bringing various unknown products to the sector in the field of industrial adhesives.<\/p>\n<p style=\"text-align: justify;\">Today, in its integrated facilities with modern technology, it offers adhesive solutions in many different areas, especially soft group sponge adhesive, furniture, upholstery, shoes, automotive industry.<\/p>\n<p><img loading=\"lazy\" decoding=\"async\" class=\"size-full wp-image-6956 alignright\" src=\"http:\/\/sefox.net\/wp-content\/uploads\/2020\/04\/imza-1.png\" alt=\"\" width=\"233\" height=\"64\" \/>[\/vc_column_text][\/vc_column][vc_column width=&#8221;1\/2&#8243;][vc_single_image image=&#8221;6990&#8243; img_size=&#8221;full&#8221; alignment=&#8221;center&#8221;][\/vc_column][\/vc_row][vc_row full_width=&#8221;stretch_row&#8221; css=&#8221;.vc_custom_1586082523435{margin-top: 50px !important;padding-top: 30px !important;padding-bottom: 30px !important;background-color: #000000 !important;}&#8221;][vc_column width=&#8221;1\/4&#8243;][vc_column_text]<img loading=\"lazy\" decoding=\"async\" class=\"alignnone size-full wp-image-7008 aligncenter\" src=\"http:\/\/sefox.net\/wp-content\/uploads\/2020\/04\/check.png\" alt=\"\" width=\"50\" height=\"50\" srcset=\"https:\/\/www.sefox.net\/wp-content\/uploads\/2020\/04\/check.png 64w, https:\/\/www.sefox.net\/wp-content\/uploads\/2020\/04\/check-50x50.png 50w\" sizes=\"(max-width: 50px) 100vw, 50px\" \/><\/p>\n<p style=\"text-align: center; font-size: 19px;\"><span style=\"color: #ffffff;\">Since 1972<\/span><\/p>\n<p>[\/vc_column_text][\/vc_column][vc_column width=&#8221;1\/4&#8243;][vc_column_text]<img loading=\"lazy\" decoding=\"async\" class=\"alignnone size-full wp-image-7008 aligncenter\" src=\"http:\/\/sefox.net\/wp-content\/uploads\/2020\/04\/check.png\" alt=\"\" width=\"50\" height=\"50\" srcset=\"https:\/\/www.sefox.net\/wp-content\/uploads\/2020\/04\/check.png 64w, https:\/\/www.sefox.net\/wp-content\/uploads\/2020\/04\/check-50x50.png 50w\" sizes=\"(max-width: 50px) 100vw, 50px\" \/><\/p>\n<p style=\"text-align: center; font-size: 19px;\"><span style=\"color: #ffffff;\">Export to 60 countries<\/span><\/p>\n<p>[\/vc_column_text][\/vc_column][vc_column width=&#8221;1\/4&#8243;][vc_column_text]<img loading=\"lazy\" decoding=\"async\" class=\"alignnone size-full wp-image-7008 aligncenter\" src=\"http:\/\/sefox.net\/wp-content\/uploads\/2020\/04\/check.png\" alt=\"\" width=\"50\" height=\"50\" srcset=\"https:\/\/www.sefox.net\/wp-content\/uploads\/2020\/04\/check.png 64w, https:\/\/www.sefox.net\/wp-content\/uploads\/2020\/04\/check-50x50.png 50w\" sizes=\"(max-width: 50px) 100vw, 50px\" \/><\/p>\n<p style=\"text-align: center; font-size: 19px;\"><span style=\"color: #ffffff;\">The strongest adhesive in the world<\/span><\/p>\n<p>[\/vc_column_text][\/vc_column][vc_column width=&#8221;1\/4&#8243;][vc_column_text]<img loading=\"lazy\" decoding=\"async\" class=\"alignnone size-full wp-image-7008 aligncenter\" src=\"http:\/\/sefox.net\/wp-content\/uploads\/2020\/04\/check.png\" alt=\"\" width=\"50\" height=\"50\" srcset=\"https:\/\/www.sefox.net\/wp-content\/uploads\/2020\/04\/check.png 64w, https:\/\/www.sefox.net\/wp-content\/uploads\/2020\/04\/check-50x50.png 50w\" sizes=\"(max-width: 50px) 100vw, 50px\" \/><\/p>\n<p style=\"text-align: center; font-size: 19px;\"><span style=\"color: #ffffff;\">Professional Team<\/span><\/p>\n<p>[\/vc_column_text][\/vc_column][\/vc_row][vc_row full_width=&#8221;stretch_row&#8221; css=&#8221;.vc_custom_1588429499610{margin-top: 0px !important;padding-top: 180px !important;padding-bottom: 180px !important;background-image: url(https:\/\/sefox.net\/wp-content\/uploads\/2020\/04\/bg_map.png?id=6746) !important;background-position: center !important;background-repeat: no-repeat !important;background-size: cover !important;}&#8221;][vc_column][vc_column_text]<\/p>\n<p style=\"text-align: center; font-size: 50px;\"><strong>60 countries<\/strong><\/p>\n<p>&nbsp;<\/p>\n<p style=\"text-align: center; font-size: 50px;\"><strong>We export to more than<\/strong><\/p>\n<p>[\/vc_column_text][\/vc_column][\/vc_row][vc_row full_width=&#8221;stretch_row&#8221; el_class=&#8221;third_bg_color&#8221; css=&#8221;.vc_custom_1588429614445{margin-bottom: -40px !important;}&#8221;][vc_column][stm_spacing lg_spacing=&#8221;20&#8243; md_spacing=&#8221;20&#8243; sm_spacing=&#8221;30&#8243; xs_spacing=&#8221;40&#8243;][vc_cta h2=&#8221;H\u0131zl\u0131 ve G\u00fc\u00e7l\u00fc Yap\u0131\u015ft\u0131r\u0131c\u0131&#8221; h2_font_container=&#8221;font_size:30px|line_height:42px&#8221; h2_use_theme_fonts=&#8221;yes&#8221; add_button=&#8221;right&#8221; btn_title=&#8221;Hemen Ba\u015fvur&#8221; btn_style=&#8221;outline&#8221; btn_color=&#8221;theme_style_2&#8243; use_custom_fonts_h2=&#8221;true&#8221; btn_link=&#8221;url:%23||target:%20_blank|&#8221; el_class=&#8221;third_bg_color&#8221;]<span style=\"font-size: 16px; color: #222222;\">Maximum 3 minutes fast production power with the improved formula<\/span>[\/vc_cta][\/vc_column][\/vc_row]<\/p>","protected":false},"excerpt":{"rendered":"<p>[vc_row][vc_column width=&#8221;1\/2&#8243;][vc_custom_heading text=&#8221;SEFA K\u0130MYA PETROL \u00dcR\u00dcNLER\u0130 SANAY\u0130 VE DI\u015e T\u0130CARET A.\u015e&#8221; font_container=&#8221;tag:h4|text_align:left&#8221; use_theme_fonts=&#8221;yes&#8221;][vc_column_text] Firmam\u0131z 1972 y\u0131l\u0131nda \u2018\u2019Birlik \u00c7elikler\u2019\u2019 ad\u0131 alt\u0131nda mobilya at\u00f6lyesi\u00a0 olarak sekt\u00f6re ad\u0131m atm\u0131\u015f; yenilik\u00e7ili\u011fi ilke edinen d\u00fc\u015f\u00fcnce yap\u0131s\u0131yla\u00a0 teknolojik geli\u015fmeler \u0131\u015f\u0131\u011f\u0131nda yol alarak g\u00fcn\u00fcm\u00fcze yakla\u015f\u0131k 50 y\u0131ll\u0131k tecr\u00fcbeye sahip bir firma olarak ula\u015fm\u0131\u015ft\u0131r. Ad\u0131n\u0131 Sefa Kimya A.\u015e. olarak T\u00fcrkiye&#8217;de ve t\u00fcm d\u00fcnyada<\/p>","protected":false},"author":2,"featured_media":0,"parent":0,"menu_order":0,"comment_status":"closed","ping_status":"closed","template":"","meta":{"footnotes":""},"class_list":["post-6977","page","type-page","status-publish","hentry"],"_links":{"self":[{"href":"https:\/\/www.sefox.net\/en\/wp-json\/wp\/v2\/pages\/6977"}],"collection":[{"href":"https:\/\/www.sefox.net\/en\/wp-json\/wp\/v2\/pages"}],"about":[{"href":"https:\/\/www.sefox.net\/en\/wp-json\/wp\/v2\/types\/page"}],"author":[{"embeddable":true,"href":"https:\/\/www.sefox.net\/en\/wp-json\/wp\/v2\/users\/2"}],"replies":[{"embeddable":true,"href":"https:\/\/www.sefox.net\/en\/wp-json\/wp\/v2\/comments?post=6977"}],"version-history":[{"count":38,"href":"https:\/\/www.sefox.net\/en\/wp-json\/wp\/v2\/pages\/6977\/revisions"}],"predecessor-version":[{"id":7564,"href":"https:\/\/www.sefox.net\/en\/wp-json\/wp\/v2\/pages\/6977\/revisions\/7564"}],"wp:attachment":[{"href":"https:\/\/www.sefox.net\/en\/wp-json\/wp\/v2\/media?parent=6977"}],"curies":[{"name":"wp","href":"https:\/\/api.w.org\/{rel}","templated":true}]}}