{"id":6656,"date":"2020-04-02T12:40:33","date_gmt":"2020-04-02T12:40:33","guid":{"rendered":"http:\/\/sefox.net\/?page_id=6656"},"modified":"2024-08-10T09:40:53","modified_gmt":"2024-08-10T09:40:53","slug":"iletisim","status":"publish","type":"page","link":"https:\/\/www.sefox.net\/en\/iletisim\/","title":{"rendered":"CONTACT"},"content":{"rendered":"<p>[vc_row][vc_column width=&#8221;1\/2&#8243;][vc_custom_heading text=&#8221;Bizimle \u0130leti\u015fime Ge\u00e7in&#8221; font_container=&#8221;tag:h3|text_align:left&#8221; use_theme_fonts=&#8221;yes&#8221;][vc_column_text]Soru, \u00f6neri ve isteklerinizi bize ula\u015farak iletebilirsiniz.[\/vc_column_text][vc_separator color=&#8221;black&#8221;][stm_contacts_widget style=&#8221;style_4&#8243; email=&#8221;info@sefox.net&#8221; address=&#8221;Saray Mahallesi, 186. Sok. No:4, Posta Kodu: 06980 Kazan\/Ankara, T\u00fcrkiye&#8221; title=&#8221;\u0130leti\u015fim Bilgileri&#8221; phone=&#8221;+90 312 815 47 94&#8243; fax=&#8221;+90 312 815 40 70&#8243;][\/vc_column][vc_column width=&#8221;1\/2&#8243;]\n<div class=\"wpcf7 no-js\" id=\"wpcf7-f6-o1\" lang=\"tr-TR\" dir=\"ltr\" data-wpcf7-id=\"6\">\n<div class=\"screen-reader-response\"><p role=\"status\" aria-live=\"polite\" aria-atomic=\"true\"><\/p> <ul><\/ul><\/div>\n<form action=\"\/en\/wp-json\/wp\/v2\/pages\/6656#wpcf7-f6-o1\" method=\"post\" class=\"wpcf7-form init\" aria-label=\"\u0130leti\u015fim Formu\" novalidate=\"novalidate\" data-status=\"init\" data-trp-original-action=\"\/en\/wp-json\/wp\/v2\/pages\/6656#wpcf7-f6-o1\">\n<div style=\"display: none;\">\n<input type=\"hidden\" name=\"_wpcf7\" value=\"6\" \/>\n<input type=\"hidden\" name=\"_wpcf7_version\" value=\"6.0.1\" \/>\n<input type=\"hidden\" name=\"_wpcf7_locale\" value=\"tr_TR\" \/>\n<input type=\"hidden\" name=\"_wpcf7_unit_tag\" value=\"wpcf7-f6-o1\" \/>\n<input type=\"hidden\" name=\"_wpcf7_container_post\" value=\"0\" \/>\n<input type=\"hidden\" name=\"_wpcf7_posted_data_hash\" value=\"\" \/>\n<\/div>\n<p><label> Name and Surname<br \/>\n<span class=\"wpcf7-form-control-wrap\" data-name=\"your-name\"><input size=\"40\" maxlength=\"400\" class=\"wpcf7-form-control wpcf7-text wpcf7-validates-as-required\" aria-required=\"true\" aria-invalid=\"false\" value=\"\" type=\"text\" name=\"your-name\" \/><\/span> <\/label>\n<\/p>\n<p><label> E-Mail<br \/>\n<span class=\"wpcf7-form-control-wrap\" data-name=\"your-email\"><input size=\"40\" maxlength=\"400\" class=\"wpcf7-form-control wpcf7-email wpcf7-validates-as-required wpcf7-text wpcf7-validates-as-email\" aria-required=\"true\" aria-invalid=\"false\" value=\"\" type=\"email\" name=\"your-email\" \/><\/span> <\/label>\n<\/p>\n<p><label> Subject<br \/>\n<span class=\"wpcf7-form-control-wrap\" data-name=\"your-subject\"><input size=\"40\" maxlength=\"400\" class=\"wpcf7-form-control wpcf7-text\" aria-invalid=\"false\" value=\"\" type=\"text\" name=\"your-subject\" \/><\/span> <\/label>\n<\/p>\n<p><label> Message<br \/>\n<span class=\"wpcf7-form-control-wrap\" data-name=\"your-message\"><textarea cols=\"40\" rows=\"10\" maxlength=\"2000\" class=\"wpcf7-form-control wpcf7-textarea\" aria-invalid=\"false\" name=\"your-message\"><\/textarea><\/span> <\/label>\n<\/p>\n<p><button type=\"submit\" class=\"button size-lg icon_right\">Send <i class=\"fa fa-chevron-right\"><\/i><\/button>\n<\/p><div class=\"wpcf7-response-output\" aria-hidden=\"true\"><\/div>\n<input type=\"hidden\" name=\"trp-form-language\" value=\"en\"\/><\/form>\n<\/div>\n[\/vc_column][\/vc_row][vc_row full_width=&#8221;stretch_row_content_no_spaces&#8221; css=&#8221;.vc_custom_1586093086906{margin-bottom: -100px !important;}&#8221;][vc_column][vc_gmaps link=&#8221;#E-8_JTNDaWZyYW1lJTIwc3R5bGUlM0QlMjJib3JkZXIlM0ElMjAwJTNCJTIyJTIwdGFiaW5kZXglM0QlMjIwJTIyJTIwc3JjJTNEJTIyaHR0cHMlM0ElMkYlMkZ3d3cuZ29vZ2xlLmNvbSUyRm1hcHMlMkZlbWJlZCUzRnBiJTNEJTIxMW0xNCUyMTFtOCUyMTFtMyUyMTFkNjEwOC44MzkyOTc3ODcyNTclMjEyZDMyLjYzMDI0NyUyMTNkNDAuMDQzNzM1JTIxM20yJTIxMWkxMDI0JTIxMmk3NjglMjE0ZjEzLjElMjEzbTMlMjExbTIlMjExczB4MCUyNTNBMHgzODRhNWNiYWRlYjYwY2JmJTIxMnNTZWZhJTI1MjBLaW15YSUyMTVlMCUyMTNtMiUyMTFzdHIlMjEyc3VzJTIxNHYxNTg2MDkyNjMxNDA1JTIxNW0yJTIxMXN0ciUyMTJzdXMlMjIlMjB3aWR0aCUzRCUyMjYwMCUyMiUyMGhlaWdodCUzRCUyMjU1MCUyMiUyMGZyYW1lYm9yZGVyJTNEJTIyMCUyMiUyMGFsbG93ZnVsbHNjcmVlbiUzRCUyMmFsbG93ZnVsbHNjcmVlbiUyMiUyMGFyaWEtaGlkZGVuJTNEJTIyZmFsc2UlMjIlM0UlM0NzcGFuJTIwc3R5bGUlM0QlMjJkaXNwbGF5JTNBJTIwaW5saW5lLWJsb2NrJTNCJTIwd2lkdGglM0ElMjAwcHglM0IlMjBvdmVyZmxvdyUzQSUyMGhpZGRlbiUzQiUyMGxpbmUtaGVpZ2h0JTNBJTIwMCUzQiUyMiUyMGRhdGEtbWNlLXR5cGUlM0QlMjJib29rbWFyayUyMiUyMGNsYXNzJTNEJTIybWNlX1NFTFJFU19zdGFydCUyMiUzRSVFRiVCQiVCRiUzQyUyRnNwYW4lM0UlM0MlMkZpZnJhbWUlM0UlM0NhJTIwaHJlZiUzRCUyMmh0dHBzJTNBJTJGJTJGbWFwcy5hcHAuZ29vLmdsJTJGRjVEYVlLZFNLYkFVVmFLMUElMjIlM0VodHRwcyUzQSUyRiUyRm1hcHMuYXBwLmdvby5nbCUyRkY1RGFZS2RTS2JBVVZhSzFBJTNDJTJGYSUzRQ==&#8221;][\/vc_column][\/vc_row]<\/p>","protected":false},"excerpt":{"rendered":"<p>[vc_row][vc_column width=&#8221;1\/2&#8243;][vc_custom_heading text=&#8221;Bizimle \u0130leti\u015fime Ge\u00e7in&#8221; font_container=&#8221;tag:h3|text_align:left&#8221; use_theme_fonts=&#8221;yes&#8221;][vc_column_text]Soru, \u00f6neri ve isteklerinizi bize ula\u015farak iletebilirsiniz.[\/vc_column_text][vc_separator color=&#8221;black&#8221;][stm_contacts_widget style=&#8221;style_4&#8243; email=&#8221;info@sefox.net&#8221; address=&#8221;Saray Mahallesi, 186. Sok. No:4, Posta Kodu: 06980 Kazan\/Ankara, T\u00fcrkiye&#8221; title=&#8221;\u0130leti\u015fim Bilgileri&#8221; phone=&#8221;+90 312 815 47 94&#8243; fax=&#8221;+90 312 815 40 70&#8243;][\/vc_column][vc_column width=&#8221;1\/2&#8243;][\/vc_column][\/vc_row][vc_row full_width=&#8221;stretch_row_content_no_spaces&#8221; css=&#8221;.vc_custom_1586093086906{margin-bottom: -100px !important;}&#8221;][vc_column][vc_gmaps link=&#8221;#E-8_JTNDaWZyYW1lJTIwc3R5bGUlM0QlMjJib3JkZXIlM0ElMjAwJTNCJTIyJTIwdGFiaW5kZXglM0QlMjIwJTIyJTIwc3JjJTNEJTIyaHR0cHMlM0ElMkYlMkZ3d3cuZ29vZ2xlLmNvbSUyRm1hcHMlMkZlbWJlZCUzRnBiJTNEJTIxMW0xNCUyMTFtOCUyMTFtMyUyMTFkNjEwOC44MzkyOTc3ODcyNTclMjEyZDMyLjYzMDI0NyUyMTNkNDAuMDQzNzM1JTIxM20yJTIxMWkxMDI0JTIxMmk3NjglMjE0ZjEzLjElMjEzbTMlMjExbTIlMjExczB4MCUyNTNBMHgzODRhNWNiYWRlYjYwY2JmJTIxMnNTZWZhJTI1MjBLaW15YSUyMTVlMCUyMTNtMiUyMTFzdHIlMjEyc3VzJTIxNHYxNTg2MDkyNjMxNDA1JTIxNW0yJTIxMXN0ciUyMTJzdXMlMjIlMjB3aWR0aCUzRCUyMjYwMCUyMiUyMGhlaWdodCUzRCUyMjU1MCUyMiUyMGZyYW1lYm9yZGVyJTNEJTIyMCUyMiUyMGFsbG93ZnVsbHNjcmVlbiUzRCUyMmFsbG93ZnVsbHNjcmVlbiUyMiUyMGFyaWEtaGlkZGVuJTNEJTIyZmFsc2UlMjIlM0UlM0NzcGFuJTIwc3R5bGUlM0QlMjJkaXNwbGF5JTNBJTIwaW5saW5lLWJsb2NrJTNCJTIwd2lkdGglM0ElMjAwcHglM0IlMjBvdmVyZmxvdyUzQSUyMGhpZGRlbiUzQiUyMGxpbmUtaGVpZ2h0JTNBJTIwMCUzQiUyMiUyMGRhdGEtbWNlLXR5cGUlM0QlMjJib29rbWFyayUyMiUyMGNsYXNzJTNEJTIybWNlX1NFTFJFU19zdGFydCUyMiUzRSVFRiVCQiVCRiUzQyUyRnNwYW4lM0UlM0MlMkZpZnJhbWUlM0UlM0NhJTIwaHJlZiUzRCUyMmh0dHBzJTNBJTJGJTJGbWFwcy5hcHAuZ29vLmdsJTJGRjVEYVlLZFNLYkFVVmFLMUElMjIlM0VodHRwcyUzQSUyRiUyRm1hcHMuYXBwLmdvby5nbCUyRkY1RGFZS2RTS2JBVVZhSzFBJTNDJTJGYSUzRQ==&#8221;][\/vc_column][\/vc_row]<\/p>","protected":false},"author":2,"featured_media":0,"parent":0,"menu_order":0,"comment_status":"closed","ping_status":"closed","template":"","meta":{"footnotes":""},"class_list":["post-6656","page","type-page","status-publish","hentry"],"_links":{"self":[{"href":"https:\/\/www.sefox.net\/en\/wp-json\/wp\/v2\/pages\/6656"}],"collection":[{"href":"https:\/\/www.sefox.net\/en\/wp-json\/wp\/v2\/pages"}],"about":[{"href":"https:\/\/www.sefox.net\/en\/wp-json\/wp\/v2\/types\/page"}],"author":[{"embeddable":true,"href":"https:\/\/www.sefox.net\/en\/wp-json\/wp\/v2\/users\/2"}],"replies":[{"embeddable":true,"href":"https:\/\/www.sefox.net\/en\/wp-json\/wp\/v2\/comments?post=6656"}],"version-history":[{"count":14,"href":"https:\/\/www.sefox.net\/en\/wp-json\/wp\/v2\/pages\/6656\/revisions"}],"predecessor-version":[{"id":8004,"href":"https:\/\/www.sefox.net\/en\/wp-json\/wp\/v2\/pages\/6656\/revisions\/8004"}],"wp:attachment":[{"href":"https:\/\/www.sefox.net\/en\/wp-json\/wp\/v2\/media?parent=6656"}],"curies":[{"name":"wp","href":"https:\/\/api.w.org\/{rel}","templated":true}]}}